{"id":8986,"date":"2025-02-27T04:31:51","date_gmt":"2025-02-27T04:31:51","guid":{"rendered":"https:\/\/test3.nigal.net\/?page_id=8986"},"modified":"2025-10-30T08:43:28","modified_gmt":"2025-10-30T08:43:28","slug":"digitalizacion-de-empresas","status":"publish","type":"page","link":"https:\/\/www.lugomadera.com\/index.php\/digitalizacion-de-empresas\/","title":{"rendered":"Digitalizaci\u00f3n de empresas"},"content":{"rendered":"\t\t<div data-elementor-type=\"wp-page\" data-elementor-id=\"8986\" class=\"elementor elementor-8986\" data-elementor-post-type=\"page\">\n\t\t\t\t\t\t<section class=\"elementor-section elementor-top-section elementor-element elementor-element-8a1df63 elementor-section-boxed elementor-section-height-default elementor-section-height-default\" data-id=\"8a1df63\" data-element_type=\"section\" data-e-type=\"section\" data-settings=\"{&quot;background_background&quot;:&quot;classic&quot;}\">\n\t\t\t\t\t\t\t<div class=\"elementor-background-overlay\"><\/div>\n\t\t\t\t\t\t\t<div class=\"elementor-container elementor-column-gap-default\">\n\t\t\t\t\t<div class=\"elementor-column elementor-col-50 elementor-top-column elementor-element elementor-element-466c743\" data-id=\"466c743\" data-element_type=\"column\" data-e-type=\"column\">\n\t\t\t<div class=\"elementor-widget-wrap elementor-element-populated\">\n\t\t\t\t\t\t<div class=\"elementor-element elementor-element-dc90c62 elementor-widget elementor-widget-spacer\" data-id=\"dc90c62\" data-element_type=\"widget\" data-e-type=\"widget\" data-widget_type=\"spacer.default\">\n\t\t\t\t<div class=\"elementor-widget-container\">\n\t\t\t\t\t\t\t<div class=\"elementor-spacer\">\n\t\t\t<div class=\"elementor-spacer-inner\"><\/div>\n\t\t<\/div>\n\t\t\t\t\t\t<\/div>\n\t\t\t\t<\/div>\n\t\t\t\t<div class=\"elementor-element elementor-element-6d6b7fe elementor-widget elementor-widget-heading\" data-id=\"6d6b7fe\" data-element_type=\"widget\" data-e-type=\"widget\" data-widget_type=\"heading.default\">\n\t\t\t\t<div class=\"elementor-widget-container\">\n\t\t\t\t\t<h2 class=\"elementor-heading-title elementor-size-default\">Digitalizaci\u00f3n de empresas<\/h2>\t\t\t\t<\/div>\n\t\t\t\t<\/div>\n\t\t\t\t<div class=\"elementor-element elementor-element-89fda67 elementor-widget-divider--view-line elementor-widget elementor-widget-divider\" data-id=\"89fda67\" data-element_type=\"widget\" data-e-type=\"widget\" data-widget_type=\"divider.default\">\n\t\t\t\t<div class=\"elementor-widget-container\">\n\t\t\t\t\t\t\t<div class=\"elementor-divider\">\n\t\t\t<span class=\"elementor-divider-separator\">\n\t\t\t\t\t\t<\/span>\n\t\t<\/div>\n\t\t\t\t\t\t<\/div>\n\t\t\t\t<\/div>\n\t\t\t\t\t<\/div>\n\t\t<\/div>\n\t\t\t\t<div class=\"elementor-column elementor-col-50 elementor-top-column elementor-element elementor-element-4b19255 elementor-hidden-mobile\" data-id=\"4b19255\" data-element_type=\"column\" data-e-type=\"column\">\n\t\t\t<div class=\"elementor-widget-wrap elementor-element-populated\">\n\t\t\t\t\t\t<div class=\"elementor-element elementor-element-bcf61cf elementor-widget elementor-widget-image\" data-id=\"bcf61cf\" data-element_type=\"widget\" data-e-type=\"widget\" data-widget_type=\"image.default\">\n\t\t\t\t<div class=\"elementor-widget-container\">\n\t\t\t\t\t\t\t\t\t\t\t\t\t\t\t<img fetchpriority=\"high\" decoding=\"async\" width=\"300\" height=\"248\" src=\"https:\/\/www.lugomadera.com\/wp-content\/uploads\/2024\/02\/lugo-white-300x248.png\" class=\"attachment-medium size-medium wp-image-8178\" alt=\"Logotipo LugoMadera blanco recortado\" srcset=\"https:\/\/www.lugomadera.com\/wp-content\/uploads\/2024\/02\/lugo-white-300x248.png 300w, https:\/\/www.lugomadera.com\/wp-content\/uploads\/2024\/02\/lugo-white-1024x848.png 1024w, https:\/\/www.lugomadera.com\/wp-content\/uploads\/2024\/02\/lugo-white-768x636.png 768w, https:\/\/www.lugomadera.com\/wp-content\/uploads\/2024\/02\/lugo-white-1536x1271.png 1536w, https:\/\/www.lugomadera.com\/wp-content\/uploads\/2024\/02\/lugo-white-2048x1695.png 2048w, https:\/\/www.lugomadera.com\/wp-content\/uploads\/2024\/02\/lugo-white-2000x1655.png 2000w, https:\/\/www.lugomadera.com\/wp-content\/uploads\/2024\/02\/lugo-white-1000x828.png 1000w, https:\/\/www.lugomadera.com\/wp-content\/uploads\/2024\/02\/lugo-white-1800x1490.png 1800w, https:\/\/www.lugomadera.com\/wp-content\/uploads\/2024\/02\/lugo-white-677x560.png 677w, https:\/\/www.lugomadera.com\/wp-content\/uploads\/2024\/02\/lugo-white-600x497.png 600w\" sizes=\"(max-width: 300px) 100vw, 300px\" \/>\t\t\t\t\t\t\t\t\t\t\t\t\t\t\t<\/div>\n\t\t\t\t<\/div>\n\t\t\t\t\t<\/div>\n\t\t<\/div>\n\t\t\t\t\t<\/div>\n\t\t<\/section>\n\t\t<div class=\"elementor-element elementor-element-0c48719 e-flex e-con-boxed e-con e-parent\" data-id=\"0c48719\" data-element_type=\"container\" data-e-type=\"container\">\n\t\t\t\t\t<div class=\"e-con-inner\">\n\t\t<div class=\"elementor-element elementor-element-5c0c425 e-flex e-con-boxed e-con e-child\" data-id=\"5c0c425\" data-element_type=\"container\" data-e-type=\"container\">\n\t\t\t\t\t<div class=\"e-con-inner\">\n\t\t\t\t<div class=\"elementor-element elementor-element-6341686 elementor-widget elementor-widget-heading\" data-id=\"6341686\" data-element_type=\"widget\" data-e-type=\"widget\" data-widget_type=\"heading.default\">\n\t\t\t\t<div class=\"elementor-widget-container\">\n\t\t\t\t\t<h2 class=\"elementor-heading-title elementor-size-default\">Digitalizaci\u00f3n de empresas<\/h2>\t\t\t\t<\/div>\n\t\t\t\t<\/div>\n\t\t\t\t<div class=\"elementor-element elementor-element-d1b2efd elementor-widget-divider--view-line elementor-widget elementor-widget-divider\" data-id=\"d1b2efd\" data-element_type=\"widget\" data-e-type=\"widget\" data-widget_type=\"divider.default\">\n\t\t\t\t<div class=\"elementor-widget-container\">\n\t\t\t\t\t\t\t<div class=\"elementor-divider\">\n\t\t\t<span class=\"elementor-divider-separator\">\n\t\t\t\t\t\t<\/span>\n\t\t<\/div>\n\t\t\t\t\t\t<\/div>\n\t\t\t\t<\/div>\n\t\t\t\t\t<\/div>\n\t\t\t\t<\/div>\n\t\t\t\t\t<\/div>\n\t\t\t\t<\/div>\n\t\t<div class=\"elementor-element elementor-element-1cb1901 e-flex e-con-boxed e-con e-parent\" data-id=\"1cb1901\" data-element_type=\"container\" data-e-type=\"container\">\n\t\t\t\t\t<div class=\"e-con-inner\">\n\t\t\t\t<div class=\"elementor-element elementor-element-e077dc9 elementor-widget elementor-widget-heading\" data-id=\"e077dc9\" data-element_type=\"widget\" data-e-type=\"widget\" data-widget_type=\"heading.default\">\n\t\t\t\t<div class=\"elementor-widget-container\">\n\t\t\t\t\t<h3 class=\"elementor-heading-title elementor-size-default\">PLATAFORMA WEB Y APP NOTIFOR<\/h3>\t\t\t\t<\/div>\n\t\t\t\t<\/div>\n\t\t\t\t\t<\/div>\n\t\t\t\t<\/div>\n\t\t<div class=\"elementor-element elementor-element-d4be815 e-flex e-con-boxed e-con e-parent\" data-id=\"d4be815\" data-element_type=\"container\" data-e-type=\"container\" data-settings=\"{&quot;background_background&quot;:&quot;classic&quot;}\">\n\t\t\t\t\t<div class=\"e-con-inner\">\n\t\t\t\t<div class=\"elementor-element elementor-element-81b2f40 elementor-widget elementor-widget-image\" data-id=\"81b2f40\" data-element_type=\"widget\" data-e-type=\"widget\" data-widget_type=\"image.default\">\n\t\t\t\t<div class=\"elementor-widget-container\">\n\t\t\t\t\t\t\t\t\t\t\t\t\t\t\t<img decoding=\"async\" width=\"930\" height=\"488\" src=\"https:\/\/www.lugomadera.com\/wp-content\/uploads\/2025\/02\/mocks5-1024x537.png\" class=\"attachment-large size-large wp-image-8833\" alt=\"Plataforma Notifor Web y App m\u00f3vil\" srcset=\"https:\/\/www.lugomadera.com\/wp-content\/uploads\/2025\/02\/mocks5-1024x537.png 1024w, https:\/\/www.lugomadera.com\/wp-content\/uploads\/2025\/02\/mocks5-300x157.png 300w, https:\/\/www.lugomadera.com\/wp-content\/uploads\/2025\/02\/mocks5-768x403.png 768w, https:\/\/www.lugomadera.com\/wp-content\/uploads\/2025\/02\/mocks5-1536x806.png 1536w, https:\/\/www.lugomadera.com\/wp-content\/uploads\/2025\/02\/mocks5-1000x525.png 1000w, https:\/\/www.lugomadera.com\/wp-content\/uploads\/2025\/02\/mocks5-1800x945.png 1800w, https:\/\/www.lugomadera.com\/wp-content\/uploads\/2025\/02\/mocks5-1067x560.png 1067w, https:\/\/www.lugomadera.com\/wp-content\/uploads\/2025\/02\/mocks5-600x315.png 600w, https:\/\/www.lugomadera.com\/wp-content\/uploads\/2025\/02\/mocks5.png 1858w\" sizes=\"(max-width: 930px) 100vw, 930px\" \/>\t\t\t\t\t\t\t\t\t\t\t\t\t\t\t<\/div>\n\t\t\t\t<\/div>\n\t\t\t\t\t<\/div>\n\t\t\t\t<\/div>\n\t\t\t\t<section class=\"elementor-section elementor-top-section elementor-element elementor-element-7fcaf8d elementor-section-boxed elementor-section-height-default elementor-section-height-default\" data-id=\"7fcaf8d\" data-element_type=\"section\" data-e-type=\"section\" data-settings=\"{&quot;background_background&quot;:&quot;classic&quot;}\">\n\t\t\t\t\t\t<div class=\"elementor-container elementor-column-gap-no\">\n\t\t\t\t\t<div class=\"elementor-column elementor-col-100 elementor-top-column elementor-element elementor-element-f2c6163\" data-id=\"f2c6163\" data-element_type=\"column\" data-e-type=\"column\">\n\t\t\t<div class=\"elementor-widget-wrap elementor-element-populated\">\n\t\t\t\t\t\t<div class=\"elementor-element elementor-element-453276d elementor-widget elementor-widget-heading\" data-id=\"453276d\" data-element_type=\"widget\" data-e-type=\"widget\" data-widget_type=\"heading.default\">\n\t\t\t\t<div class=\"elementor-widget-container\">\n\t\t\t\t\t<h2 class=\"elementor-heading-title elementor-size-default\">En colaboraci\u00f3n con <a href=\"https:\/\/www.nigal.net\" target=\"_blank\" rel=\"noopener\"><b>Nigal<\/b><\/a> ofrecemos Notifor, una plataforma para la <b>comunicaci\u00f3n entre empresas maderistas y ayuntamientos en los aprovechamientos forestales<\/b>.\n<\/h2>\t\t\t\t<\/div>\n\t\t\t\t<\/div>\n\t\t\t\t\t<\/div>\n\t\t<\/div>\n\t\t\t\t\t<\/div>\n\t\t<\/section>\n\t\t<div class=\"elementor-element elementor-element-8396c60 e-flex e-con-boxed e-con e-parent\" data-id=\"8396c60\" data-element_type=\"container\" data-e-type=\"container\" data-settings=\"{&quot;background_background&quot;:&quot;classic&quot;}\">\n\t\t\t\t\t<div class=\"e-con-inner\">\n\t\t\t\t<div class=\"elementor-element elementor-element-c0ace30 elementor-widget-divider--view-line elementor-widget elementor-widget-divider\" data-id=\"c0ace30\" data-element_type=\"widget\" data-e-type=\"widget\" data-widget_type=\"divider.default\">\n\t\t\t\t<div class=\"elementor-widget-container\">\n\t\t\t\t\t\t\t<div class=\"elementor-divider\">\n\t\t\t<span class=\"elementor-divider-separator\">\n\t\t\t\t\t\t<\/span>\n\t\t<\/div>\n\t\t\t\t\t\t<\/div>\n\t\t\t\t<\/div>\n\t\t\t\t\t<\/div>\n\t\t\t\t<\/div>\n\t\t<div class=\"elementor-element elementor-element-3a2c86a e-flex e-con-boxed e-con e-parent\" data-id=\"3a2c86a\" data-element_type=\"container\" data-e-type=\"container\" data-settings=\"{&quot;background_background&quot;:&quot;classic&quot;}\">\n\t\t\t\t\t<div class=\"e-con-inner\">\n\t\t\t\t<div class=\"elementor-element elementor-element-6bb46bf elementor-align-center elementor-widget elementor-widget-button\" data-id=\"6bb46bf\" data-element_type=\"widget\" data-e-type=\"widget\" data-widget_type=\"button.default\">\n\t\t\t\t<div class=\"elementor-widget-container\">\n\t\t\t\t\t\t\t\t\t<div class=\"elementor-button-wrapper\">\n\t\t\t\t\t<a class=\"elementor-button elementor-button-link elementor-size-sm\" href=\"index.php\/notifor\">\n\t\t\t\t\t\t<span class=\"elementor-button-content-wrapper\">\n\t\t\t\t\t\t\t\t\t<span class=\"elementor-button-text\">M\u00e1s informaci\u00f3n<\/span>\n\t\t\t\t\t<\/span>\n\t\t\t\t\t<\/a>\n\t\t\t\t<\/div>\n\t\t\t\t\t\t\t\t<\/div>\n\t\t\t\t<\/div>\n\t\t\t\t\t<\/div>\n\t\t\t\t<\/div>\n\t\t\t\t<\/div>\n\t\t","protected":false},"excerpt":{"rendered":"<p>Digitalizaci\u00f3n de empresas Digitalizaci\u00f3n de empresas PLATAFORMA WEB Y APP NOTIFOR En colaboraci\u00f3n con Nigal ofrecemos Notifor, una plataforma para la comunicaci\u00f3n entre empresas maderistas y ayuntamientos en los aprovechamientos forestales. M\u00e1s informaci\u00f3n<\/p>\n","protected":false},"author":1,"featured_media":0,"parent":0,"menu_order":0,"comment_status":"closed","ping_status":"closed","template":"elementor_header_footer","meta":{"footnotes":""},"class_list":["post-8986","page","type-page","status-publish","hentry"],"yoast_head":"<!-- This site is optimized with the Yoast SEO plugin v27.4 - https:\/\/yoast.com\/product\/yoast-seo-wordpress\/ -->\n<title>Digitalizaci\u00f3n de empresas - Lugo Madera<\/title>\n<meta name=\"robots\" content=\"index, follow, max-snippet:-1, max-image-preview:large, max-video-preview:-1\" \/>\n<link rel=\"canonical\" href=\"https:\/\/www.lugomadera.com\/index.php\/digitalizacion-de-empresas\/\" \/>\n<meta property=\"og:locale\" content=\"es_ES\" \/>\n<meta property=\"og:type\" content=\"article\" \/>\n<meta property=\"og:title\" content=\"Digitalizaci\u00f3n de empresas - Lugo Madera\" \/>\n<meta property=\"og:description\" content=\"Digitalizaci\u00f3n de empresas Digitalizaci\u00f3n de empresas PLATAFORMA WEB Y APP NOTIFOR En colaboraci\u00f3n con Nigal ofrecemos Notifor, una plataforma para la comunicaci\u00f3n entre empresas maderistas y ayuntamientos en los aprovechamientos forestales. M\u00e1s informaci\u00f3n\" \/>\n<meta property=\"og:url\" content=\"https:\/\/www.lugomadera.com\/index.php\/digitalizacion-de-empresas\/\" \/>\n<meta property=\"og:site_name\" content=\"Lugo Madera\" \/>\n<meta property=\"article:modified_time\" content=\"2025-10-30T08:43:28+00:00\" \/>\n<meta property=\"og:image\" content=\"https:\/\/www.lugomadera.com\/wp-content\/uploads\/2024\/02\/lugo-white.png\" \/>\n\t<meta property=\"og:image:width\" content=\"3000\" \/>\n\t<meta property=\"og:image:height\" content=\"2483\" \/>\n\t<meta property=\"og:image:type\" content=\"image\/png\" \/>\n<meta name=\"twitter:card\" content=\"summary_large_image\" \/>\n<meta name=\"twitter:label1\" content=\"Tiempo de lectura\" \/>\n\t<meta name=\"twitter:data1\" content=\"1 minuto\" \/>\n<script type=\"application\/ld+json\" class=\"yoast-schema-graph\">{\"@context\":\"https:\\\/\\\/schema.org\",\"@graph\":[{\"@type\":\"WebPage\",\"@id\":\"https:\\\/\\\/www.lugomadera.com\\\/index.php\\\/digitalizacion-de-empresas\\\/\",\"url\":\"https:\\\/\\\/www.lugomadera.com\\\/index.php\\\/digitalizacion-de-empresas\\\/\",\"name\":\"Digitalizaci\u00f3n de empresas - Lugo Madera\",\"isPartOf\":{\"@id\":\"https:\\\/\\\/www.lugomadera.com\\\/#website\"},\"primaryImageOfPage\":{\"@id\":\"https:\\\/\\\/www.lugomadera.com\\\/index.php\\\/digitalizacion-de-empresas\\\/#primaryimage\"},\"image\":{\"@id\":\"https:\\\/\\\/www.lugomadera.com\\\/index.php\\\/digitalizacion-de-empresas\\\/#primaryimage\"},\"thumbnailUrl\":\"https:\\\/\\\/www.lugomadera.com\\\/wp-content\\\/uploads\\\/2024\\\/02\\\/lugo-white-300x248.png\",\"datePublished\":\"2025-02-27T04:31:51+00:00\",\"dateModified\":\"2025-10-30T08:43:28+00:00\",\"breadcrumb\":{\"@id\":\"https:\\\/\\\/www.lugomadera.com\\\/index.php\\\/digitalizacion-de-empresas\\\/#breadcrumb\"},\"inLanguage\":\"es\",\"potentialAction\":[{\"@type\":\"ReadAction\",\"target\":[\"https:\\\/\\\/www.lugomadera.com\\\/index.php\\\/digitalizacion-de-empresas\\\/\"]}]},{\"@type\":\"ImageObject\",\"inLanguage\":\"es\",\"@id\":\"https:\\\/\\\/www.lugomadera.com\\\/index.php\\\/digitalizacion-de-empresas\\\/#primaryimage\",\"url\":\"https:\\\/\\\/www.lugomadera.com\\\/wp-content\\\/uploads\\\/2024\\\/02\\\/lugo-white.png\",\"contentUrl\":\"https:\\\/\\\/www.lugomadera.com\\\/wp-content\\\/uploads\\\/2024\\\/02\\\/lugo-white.png\",\"width\":3000,\"height\":2483,\"caption\":\"Logotipo LugoMadera blanco recortado\"},{\"@type\":\"BreadcrumbList\",\"@id\":\"https:\\\/\\\/www.lugomadera.com\\\/index.php\\\/digitalizacion-de-empresas\\\/#breadcrumb\",\"itemListElement\":[{\"@type\":\"ListItem\",\"position\":1,\"name\":\"Portada\",\"item\":\"https:\\\/\\\/www.lugomadera.com\\\/\"},{\"@type\":\"ListItem\",\"position\":2,\"name\":\"Digitalizaci\u00f3n de empresas\"}]},{\"@type\":\"WebSite\",\"@id\":\"https:\\\/\\\/www.lugomadera.com\\\/#website\",\"url\":\"https:\\\/\\\/www.lugomadera.com\\\/\",\"name\":\"Lugo Madera\",\"description\":\"Asociaci\u00f3n Provincial de Empresarios de la 1\u00aa Transformaci\u00f3n de la Madera de Lugo\",\"publisher\":{\"@id\":\"https:\\\/\\\/www.lugomadera.com\\\/#organization\"},\"potentialAction\":[{\"@type\":\"SearchAction\",\"target\":{\"@type\":\"EntryPoint\",\"urlTemplate\":\"https:\\\/\\\/www.lugomadera.com\\\/?s={search_term_string}\"},\"query-input\":{\"@type\":\"PropertyValueSpecification\",\"valueRequired\":true,\"valueName\":\"search_term_string\"}}],\"inLanguage\":\"es\"},{\"@type\":\"Organization\",\"@id\":\"https:\\\/\\\/www.lugomadera.com\\\/#organization\",\"name\":\"Lugo Madera\",\"url\":\"https:\\\/\\\/www.lugomadera.com\\\/\",\"logo\":{\"@type\":\"ImageObject\",\"inLanguage\":\"es\",\"@id\":\"https:\\\/\\\/www.lugomadera.com\\\/#\\\/schema\\\/logo\\\/image\\\/\",\"url\":\"https:\\\/\\\/www.lugomadera.com\\\/wp-content\\\/uploads\\\/2024\\\/02\\\/lugo-white-300-h-1.png\",\"contentUrl\":\"https:\\\/\\\/www.lugomadera.com\\\/wp-content\\\/uploads\\\/2024\\\/02\\\/lugo-white-300-h-1.png\",\"width\":600,\"height\":262,\"caption\":\"Lugo Madera\"},\"image\":{\"@id\":\"https:\\\/\\\/www.lugomadera.com\\\/#\\\/schema\\\/logo\\\/image\\\/\"}}]}<\/script>\n<!-- \/ Yoast SEO plugin. -->","yoast_head_json":{"title":"Digitalizaci\u00f3n de empresas - Lugo Madera","robots":{"index":"index","follow":"follow","max-snippet":"max-snippet:-1","max-image-preview":"max-image-preview:large","max-video-preview":"max-video-preview:-1"},"canonical":"https:\/\/www.lugomadera.com\/index.php\/digitalizacion-de-empresas\/","og_locale":"es_ES","og_type":"article","og_title":"Digitalizaci\u00f3n de empresas - Lugo Madera","og_description":"Digitalizaci\u00f3n de empresas Digitalizaci\u00f3n de empresas PLATAFORMA WEB Y APP NOTIFOR En colaboraci\u00f3n con Nigal ofrecemos Notifor, una plataforma para la comunicaci\u00f3n entre empresas maderistas y ayuntamientos en los aprovechamientos forestales. M\u00e1s informaci\u00f3n","og_url":"https:\/\/www.lugomadera.com\/index.php\/digitalizacion-de-empresas\/","og_site_name":"Lugo Madera","article_modified_time":"2025-10-30T08:43:28+00:00","og_image":[{"width":3000,"height":2483,"url":"https:\/\/www.lugomadera.com\/wp-content\/uploads\/2024\/02\/lugo-white.png","type":"image\/png"}],"twitter_card":"summary_large_image","twitter_misc":{"Tiempo de lectura":"1 minuto"},"schema":{"@context":"https:\/\/schema.org","@graph":[{"@type":"WebPage","@id":"https:\/\/www.lugomadera.com\/index.php\/digitalizacion-de-empresas\/","url":"https:\/\/www.lugomadera.com\/index.php\/digitalizacion-de-empresas\/","name":"Digitalizaci\u00f3n de empresas - Lugo Madera","isPartOf":{"@id":"https:\/\/www.lugomadera.com\/#website"},"primaryImageOfPage":{"@id":"https:\/\/www.lugomadera.com\/index.php\/digitalizacion-de-empresas\/#primaryimage"},"image":{"@id":"https:\/\/www.lugomadera.com\/index.php\/digitalizacion-de-empresas\/#primaryimage"},"thumbnailUrl":"https:\/\/www.lugomadera.com\/wp-content\/uploads\/2024\/02\/lugo-white-300x248.png","datePublished":"2025-02-27T04:31:51+00:00","dateModified":"2025-10-30T08:43:28+00:00","breadcrumb":{"@id":"https:\/\/www.lugomadera.com\/index.php\/digitalizacion-de-empresas\/#breadcrumb"},"inLanguage":"es","potentialAction":[{"@type":"ReadAction","target":["https:\/\/www.lugomadera.com\/index.php\/digitalizacion-de-empresas\/"]}]},{"@type":"ImageObject","inLanguage":"es","@id":"https:\/\/www.lugomadera.com\/index.php\/digitalizacion-de-empresas\/#primaryimage","url":"https:\/\/www.lugomadera.com\/wp-content\/uploads\/2024\/02\/lugo-white.png","contentUrl":"https:\/\/www.lugomadera.com\/wp-content\/uploads\/2024\/02\/lugo-white.png","width":3000,"height":2483,"caption":"Logotipo LugoMadera blanco recortado"},{"@type":"BreadcrumbList","@id":"https:\/\/www.lugomadera.com\/index.php\/digitalizacion-de-empresas\/#breadcrumb","itemListElement":[{"@type":"ListItem","position":1,"name":"Portada","item":"https:\/\/www.lugomadera.com\/"},{"@type":"ListItem","position":2,"name":"Digitalizaci\u00f3n de empresas"}]},{"@type":"WebSite","@id":"https:\/\/www.lugomadera.com\/#website","url":"https:\/\/www.lugomadera.com\/","name":"Lugo Madera","description":"Asociaci\u00f3n Provincial de Empresarios de la 1\u00aa Transformaci\u00f3n de la Madera de Lugo","publisher":{"@id":"https:\/\/www.lugomadera.com\/#organization"},"potentialAction":[{"@type":"SearchAction","target":{"@type":"EntryPoint","urlTemplate":"https:\/\/www.lugomadera.com\/?s={search_term_string}"},"query-input":{"@type":"PropertyValueSpecification","valueRequired":true,"valueName":"search_term_string"}}],"inLanguage":"es"},{"@type":"Organization","@id":"https:\/\/www.lugomadera.com\/#organization","name":"Lugo Madera","url":"https:\/\/www.lugomadera.com\/","logo":{"@type":"ImageObject","inLanguage":"es","@id":"https:\/\/www.lugomadera.com\/#\/schema\/logo\/image\/","url":"https:\/\/www.lugomadera.com\/wp-content\/uploads\/2024\/02\/lugo-white-300-h-1.png","contentUrl":"https:\/\/www.lugomadera.com\/wp-content\/uploads\/2024\/02\/lugo-white-300-h-1.png","width":600,"height":262,"caption":"Lugo Madera"},"image":{"@id":"https:\/\/www.lugomadera.com\/#\/schema\/logo\/image\/"}}]}},"jetpack_sharing_enabled":true,"_links":{"self":[{"href":"https:\/\/www.lugomadera.com\/index.php\/wp-json\/wp\/v2\/pages\/8986","targetHints":{"allow":["GET"]}}],"collection":[{"href":"https:\/\/www.lugomadera.com\/index.php\/wp-json\/wp\/v2\/pages"}],"about":[{"href":"https:\/\/www.lugomadera.com\/index.php\/wp-json\/wp\/v2\/types\/page"}],"author":[{"embeddable":true,"href":"https:\/\/www.lugomadera.com\/index.php\/wp-json\/wp\/v2\/users\/1"}],"replies":[{"embeddable":true,"href":"https:\/\/www.lugomadera.com\/index.php\/wp-json\/wp\/v2\/comments?post=8986"}],"version-history":[{"count":19,"href":"https:\/\/www.lugomadera.com\/index.php\/wp-json\/wp\/v2\/pages\/8986\/revisions"}],"predecessor-version":[{"id":9965,"href":"https:\/\/www.lugomadera.com\/index.php\/wp-json\/wp\/v2\/pages\/8986\/revisions\/9965"}],"wp:attachment":[{"href":"https:\/\/www.lugomadera.com\/index.php\/wp-json\/wp\/v2\/media?parent=8986"}],"curies":[{"name":"wp","href":"https:\/\/api.w.org\/{rel}","templated":true}]}}