{"id":8495,"date":"2024-02-08T02:48:06","date_gmt":"2024-02-08T02:48:06","guid":{"rendered":"https:\/\/test3.nigal.net\/?page_id=8495"},"modified":"2025-02-27T08:43:41","modified_gmt":"2025-02-27T08:43:41","slug":"divulgacion-de-temas-de-interes","status":"publish","type":"page","link":"https:\/\/www.lugomadera.com\/index.php\/divulgacion-de-temas-de-interes\/","title":{"rendered":"Divulgaci\u00f3n de temas de inter\u00e9s"},"content":{"rendered":"\t\t<div data-elementor-type=\"wp-page\" data-elementor-id=\"8495\" class=\"elementor elementor-8495\" data-elementor-post-type=\"page\">\n\t\t\t\t\t\t<section class=\"elementor-section elementor-top-section elementor-element elementor-element-9026448 elementor-section-height-full elementor-section-boxed elementor-section-height-default elementor-section-items-middle\" data-id=\"9026448\" data-element_type=\"section\" data-e-type=\"section\" data-settings=\"{&quot;background_background&quot;:&quot;classic&quot;}\">\n\t\t\t\t\t\t\t<div class=\"elementor-background-overlay\"><\/div>\n\t\t\t\t\t\t\t<div class=\"elementor-container elementor-column-gap-default\">\n\t\t\t\t\t<div class=\"elementor-column elementor-col-50 elementor-top-column elementor-element elementor-element-651c094\" data-id=\"651c094\" data-element_type=\"column\" data-e-type=\"column\">\n\t\t\t<div class=\"elementor-widget-wrap elementor-element-populated\">\n\t\t\t\t\t\t<div class=\"elementor-element elementor-element-fa88ce1 elementor-widget elementor-widget-heading\" data-id=\"fa88ce1\" data-element_type=\"widget\" data-e-type=\"widget\" data-widget_type=\"heading.default\">\n\t\t\t\t<div class=\"elementor-widget-container\">\n\t\t\t\t\t<h2 class=\"elementor-heading-title elementor-size-default\">Divulgaci\u00f3n de temas de inter\u00e9s<\/h2>\t\t\t\t<\/div>\n\t\t\t\t<\/div>\n\t\t\t\t<div class=\"elementor-element elementor-element-a8298c6 elementor-widget-divider--view-line elementor-widget elementor-widget-divider\" data-id=\"a8298c6\" data-element_type=\"widget\" data-e-type=\"widget\" data-widget_type=\"divider.default\">\n\t\t\t\t<div class=\"elementor-widget-container\">\n\t\t\t\t\t\t\t<div class=\"elementor-divider\">\n\t\t\t<span class=\"elementor-divider-separator\">\n\t\t\t\t\t\t<\/span>\n\t\t<\/div>\n\t\t\t\t\t\t<\/div>\n\t\t\t\t<\/div>\n\t\t\t\t<div class=\"elementor-element elementor-element-881765b elementor-widget elementor-widget-text-editor\" data-id=\"881765b\" data-element_type=\"widget\" data-e-type=\"widget\" data-widget_type=\"text-editor.default\">\n\t\t\t\t<div class=\"elementor-widget-container\">\n\t\t\t\t\t\t\t\t\t<p>Semanalmente, concretamente los viernes, se emite un comunicado semanal\u00a0por correo electr\u00f3nico con temas de inter\u00e9s y dossier de prensa relacionados con el sector.<\/p><p>Adem\u00e1s, regularmente se elaboran circulares sin periodicidad fija cuando la premura o importancia de un determinado tema lo justifica.<\/p><p>Cada dos \u2013 tres meses se env\u00eda por correo postal una circular a todos los asociados, que aglutina los temas m\u00e1s relevantes del per\u00edodo.<\/p>\t\t\t\t\t\t\t\t<\/div>\n\t\t\t\t<\/div>\n\t\t\t\t\t<\/div>\n\t\t<\/div>\n\t\t\t\t<div class=\"elementor-column elementor-col-50 elementor-top-column elementor-element elementor-element-59a7a6f\" data-id=\"59a7a6f\" data-element_type=\"column\" data-e-type=\"column\">\n\t\t\t<div class=\"elementor-widget-wrap\">\n\t\t\t\t\t\t\t<\/div>\n\t\t<\/div>\n\t\t\t\t\t<\/div>\n\t\t<\/section>\n\t\t\t\t<\/div>\n\t\t","protected":false},"excerpt":{"rendered":"<p>Divulgaci\u00f3n de temas de inter\u00e9s Semanalmente, concretamente los viernes, se emite un comunicado semanal\u00a0por correo electr\u00f3nico con temas de inter\u00e9s y dossier de prensa relacionados con el sector. Adem\u00e1s, regularmente se elaboran circulares sin periodicidad fija cuando la premura o importancia de un determinado tema lo justifica. Cada dos \u2013 [&hellip;]<\/p>\n","protected":false},"author":1,"featured_media":0,"parent":0,"menu_order":0,"comment_status":"closed","ping_status":"closed","template":"page-templates\/full-width-transparent.php","meta":{"footnotes":""},"class_list":["post-8495","page","type-page","status-publish","hentry"],"yoast_head":"<!-- This site is optimized with the Yoast SEO plugin v27.4 - https:\/\/yoast.com\/product\/yoast-seo-wordpress\/ -->\n<title>Divulgaci\u00f3n de temas de inter\u00e9s - Lugo Madera<\/title>\n<meta name=\"robots\" content=\"index, follow, max-snippet:-1, max-image-preview:large, max-video-preview:-1\" \/>\n<link rel=\"canonical\" href=\"https:\/\/www.lugomadera.com\/index.php\/divulgacion-de-temas-de-interes\/\" \/>\n<meta property=\"og:locale\" content=\"es_ES\" \/>\n<meta property=\"og:type\" content=\"article\" \/>\n<meta property=\"og:title\" content=\"Divulgaci\u00f3n de temas de inter\u00e9s - Lugo Madera\" \/>\n<meta property=\"og:description\" content=\"Divulgaci\u00f3n de temas de inter\u00e9s Semanalmente, concretamente los viernes, se emite un comunicado semanal\u00a0por correo electr\u00f3nico con temas de inter\u00e9s y dossier de prensa relacionados con el sector. Adem\u00e1s, regularmente se elaboran circulares sin periodicidad fija cuando la premura o importancia de un determinado tema lo justifica. Cada dos \u2013 [&hellip;]\" \/>\n<meta property=\"og:url\" content=\"https:\/\/www.lugomadera.com\/index.php\/divulgacion-de-temas-de-interes\/\" \/>\n<meta property=\"og:site_name\" content=\"Lugo Madera\" \/>\n<meta property=\"article:modified_time\" content=\"2025-02-27T08:43:41+00:00\" \/>\n<meta name=\"twitter:card\" content=\"summary_large_image\" \/>\n<script type=\"application\/ld+json\" class=\"yoast-schema-graph\">{\"@context\":\"https:\\\/\\\/schema.org\",\"@graph\":[{\"@type\":\"WebPage\",\"@id\":\"https:\\\/\\\/www.lugomadera.com\\\/index.php\\\/divulgacion-de-temas-de-interes\\\/\",\"url\":\"https:\\\/\\\/www.lugomadera.com\\\/index.php\\\/divulgacion-de-temas-de-interes\\\/\",\"name\":\"Divulgaci\u00f3n de temas de inter\u00e9s - Lugo Madera\",\"isPartOf\":{\"@id\":\"https:\\\/\\\/www.lugomadera.com\\\/#website\"},\"datePublished\":\"2024-02-08T02:48:06+00:00\",\"dateModified\":\"2025-02-27T08:43:41+00:00\",\"breadcrumb\":{\"@id\":\"https:\\\/\\\/www.lugomadera.com\\\/index.php\\\/divulgacion-de-temas-de-interes\\\/#breadcrumb\"},\"inLanguage\":\"es\",\"potentialAction\":[{\"@type\":\"ReadAction\",\"target\":[\"https:\\\/\\\/www.lugomadera.com\\\/index.php\\\/divulgacion-de-temas-de-interes\\\/\"]}]},{\"@type\":\"BreadcrumbList\",\"@id\":\"https:\\\/\\\/www.lugomadera.com\\\/index.php\\\/divulgacion-de-temas-de-interes\\\/#breadcrumb\",\"itemListElement\":[{\"@type\":\"ListItem\",\"position\":1,\"name\":\"Portada\",\"item\":\"https:\\\/\\\/www.lugomadera.com\\\/\"},{\"@type\":\"ListItem\",\"position\":2,\"name\":\"Divulgaci\u00f3n de temas de inter\u00e9s\"}]},{\"@type\":\"WebSite\",\"@id\":\"https:\\\/\\\/www.lugomadera.com\\\/#website\",\"url\":\"https:\\\/\\\/www.lugomadera.com\\\/\",\"name\":\"Lugo Madera\",\"description\":\"Asociaci\u00f3n Provincial de Empresarios de la 1\u00aa Transformaci\u00f3n de la Madera de Lugo\",\"publisher\":{\"@id\":\"https:\\\/\\\/www.lugomadera.com\\\/#organization\"},\"potentialAction\":[{\"@type\":\"SearchAction\",\"target\":{\"@type\":\"EntryPoint\",\"urlTemplate\":\"https:\\\/\\\/www.lugomadera.com\\\/?s={search_term_string}\"},\"query-input\":{\"@type\":\"PropertyValueSpecification\",\"valueRequired\":true,\"valueName\":\"search_term_string\"}}],\"inLanguage\":\"es\"},{\"@type\":\"Organization\",\"@id\":\"https:\\\/\\\/www.lugomadera.com\\\/#organization\",\"name\":\"Lugo Madera\",\"url\":\"https:\\\/\\\/www.lugomadera.com\\\/\",\"logo\":{\"@type\":\"ImageObject\",\"inLanguage\":\"es\",\"@id\":\"https:\\\/\\\/www.lugomadera.com\\\/#\\\/schema\\\/logo\\\/image\\\/\",\"url\":\"https:\\\/\\\/www.lugomadera.com\\\/wp-content\\\/uploads\\\/2024\\\/02\\\/lugo-white-300-h-1.png\",\"contentUrl\":\"https:\\\/\\\/www.lugomadera.com\\\/wp-content\\\/uploads\\\/2024\\\/02\\\/lugo-white-300-h-1.png\",\"width\":600,\"height\":262,\"caption\":\"Lugo Madera\"},\"image\":{\"@id\":\"https:\\\/\\\/www.lugomadera.com\\\/#\\\/schema\\\/logo\\\/image\\\/\"}}]}<\/script>\n<!-- \/ Yoast SEO plugin. -->","yoast_head_json":{"title":"Divulgaci\u00f3n de temas de inter\u00e9s - Lugo Madera","robots":{"index":"index","follow":"follow","max-snippet":"max-snippet:-1","max-image-preview":"max-image-preview:large","max-video-preview":"max-video-preview:-1"},"canonical":"https:\/\/www.lugomadera.com\/index.php\/divulgacion-de-temas-de-interes\/","og_locale":"es_ES","og_type":"article","og_title":"Divulgaci\u00f3n de temas de inter\u00e9s - Lugo Madera","og_description":"Divulgaci\u00f3n de temas de inter\u00e9s Semanalmente, concretamente los viernes, se emite un comunicado semanal\u00a0por correo electr\u00f3nico con temas de inter\u00e9s y dossier de prensa relacionados con el sector. Adem\u00e1s, regularmente se elaboran circulares sin periodicidad fija cuando la premura o importancia de un determinado tema lo justifica. Cada dos \u2013 [&hellip;]","og_url":"https:\/\/www.lugomadera.com\/index.php\/divulgacion-de-temas-de-interes\/","og_site_name":"Lugo Madera","article_modified_time":"2025-02-27T08:43:41+00:00","twitter_card":"summary_large_image","schema":{"@context":"https:\/\/schema.org","@graph":[{"@type":"WebPage","@id":"https:\/\/www.lugomadera.com\/index.php\/divulgacion-de-temas-de-interes\/","url":"https:\/\/www.lugomadera.com\/index.php\/divulgacion-de-temas-de-interes\/","name":"Divulgaci\u00f3n de temas de inter\u00e9s - Lugo Madera","isPartOf":{"@id":"https:\/\/www.lugomadera.com\/#website"},"datePublished":"2024-02-08T02:48:06+00:00","dateModified":"2025-02-27T08:43:41+00:00","breadcrumb":{"@id":"https:\/\/www.lugomadera.com\/index.php\/divulgacion-de-temas-de-interes\/#breadcrumb"},"inLanguage":"es","potentialAction":[{"@type":"ReadAction","target":["https:\/\/www.lugomadera.com\/index.php\/divulgacion-de-temas-de-interes\/"]}]},{"@type":"BreadcrumbList","@id":"https:\/\/www.lugomadera.com\/index.php\/divulgacion-de-temas-de-interes\/#breadcrumb","itemListElement":[{"@type":"ListItem","position":1,"name":"Portada","item":"https:\/\/www.lugomadera.com\/"},{"@type":"ListItem","position":2,"name":"Divulgaci\u00f3n de temas de inter\u00e9s"}]},{"@type":"WebSite","@id":"https:\/\/www.lugomadera.com\/#website","url":"https:\/\/www.lugomadera.com\/","name":"Lugo Madera","description":"Asociaci\u00f3n Provincial de Empresarios de la 1\u00aa Transformaci\u00f3n de la Madera de Lugo","publisher":{"@id":"https:\/\/www.lugomadera.com\/#organization"},"potentialAction":[{"@type":"SearchAction","target":{"@type":"EntryPoint","urlTemplate":"https:\/\/www.lugomadera.com\/?s={search_term_string}"},"query-input":{"@type":"PropertyValueSpecification","valueRequired":true,"valueName":"search_term_string"}}],"inLanguage":"es"},{"@type":"Organization","@id":"https:\/\/www.lugomadera.com\/#organization","name":"Lugo Madera","url":"https:\/\/www.lugomadera.com\/","logo":{"@type":"ImageObject","inLanguage":"es","@id":"https:\/\/www.lugomadera.com\/#\/schema\/logo\/image\/","url":"https:\/\/www.lugomadera.com\/wp-content\/uploads\/2024\/02\/lugo-white-300-h-1.png","contentUrl":"https:\/\/www.lugomadera.com\/wp-content\/uploads\/2024\/02\/lugo-white-300-h-1.png","width":600,"height":262,"caption":"Lugo Madera"},"image":{"@id":"https:\/\/www.lugomadera.com\/#\/schema\/logo\/image\/"}}]}},"jetpack_sharing_enabled":true,"_links":{"self":[{"href":"https:\/\/www.lugomadera.com\/index.php\/wp-json\/wp\/v2\/pages\/8495","targetHints":{"allow":["GET"]}}],"collection":[{"href":"https:\/\/www.lugomadera.com\/index.php\/wp-json\/wp\/v2\/pages"}],"about":[{"href":"https:\/\/www.lugomadera.com\/index.php\/wp-json\/wp\/v2\/types\/page"}],"author":[{"embeddable":true,"href":"https:\/\/www.lugomadera.com\/index.php\/wp-json\/wp\/v2\/users\/1"}],"replies":[{"embeddable":true,"href":"https:\/\/www.lugomadera.com\/index.php\/wp-json\/wp\/v2\/comments?post=8495"}],"version-history":[{"count":7,"href":"https:\/\/www.lugomadera.com\/index.php\/wp-json\/wp\/v2\/pages\/8495\/revisions"}],"predecessor-version":[{"id":9229,"href":"https:\/\/www.lugomadera.com\/index.php\/wp-json\/wp\/v2\/pages\/8495\/revisions\/9229"}],"wp:attachment":[{"href":"https:\/\/www.lugomadera.com\/index.php\/wp-json\/wp\/v2\/media?parent=8495"}],"curies":[{"name":"wp","href":"https:\/\/api.w.org\/{rel}","templated":true}]}}