{"id":8487,"date":"2024-02-08T02:46:37","date_gmt":"2024-02-08T02:46:37","guid":{"rendered":"https:\/\/test3.nigal.net\/?page_id=8487"},"modified":"2026-03-05T10:53:18","modified_gmt":"2026-03-05T10:53:18","slug":"formacion","status":"publish","type":"page","link":"https:\/\/www.lugomadera.com\/index.php\/formacion\/","title":{"rendered":"Formaci\u00f3n"},"content":{"rendered":"\t\t<div data-elementor-type=\"wp-page\" data-elementor-id=\"8487\" class=\"elementor elementor-8487\" data-elementor-post-type=\"page\">\n\t\t\t\t\t\t<section class=\"elementor-section elementor-top-section elementor-element elementor-element-eb17a3b elementor-section-boxed elementor-section-height-default elementor-section-height-default\" data-id=\"eb17a3b\" data-element_type=\"section\" data-e-type=\"section\" data-settings=\"{&quot;background_background&quot;:&quot;classic&quot;}\">\n\t\t\t\t\t\t\t<div class=\"elementor-background-overlay\"><\/div>\n\t\t\t\t\t\t\t<div class=\"elementor-container elementor-column-gap-default\">\n\t\t\t\t\t<div class=\"elementor-column elementor-col-100 elementor-top-column elementor-element elementor-element-706c339\" data-id=\"706c339\" data-element_type=\"column\" data-e-type=\"column\">\n\t\t\t<div class=\"elementor-widget-wrap elementor-element-populated\">\n\t\t\t\t\t\t<div class=\"elementor-element elementor-element-3a777d4 elementor-widget elementor-widget-heading\" data-id=\"3a777d4\" data-element_type=\"widget\" data-e-type=\"widget\" data-widget_type=\"heading.default\">\n\t\t\t\t<div class=\"elementor-widget-container\">\n\t\t\t\t\t<h2 class=\"elementor-heading-title elementor-size-default\">Formaci\u00f3n<\/h2>\t\t\t\t<\/div>\n\t\t\t\t<\/div>\n\t\t\t\t<div class=\"elementor-element elementor-element-c4e9c11 elementor-widget-divider--view-line elementor-widget elementor-widget-divider\" data-id=\"c4e9c11\" data-element_type=\"widget\" data-e-type=\"widget\" data-widget_type=\"divider.default\">\n\t\t\t\t<div class=\"elementor-widget-container\">\n\t\t\t\t\t\t\t<div class=\"elementor-divider\">\n\t\t\t<span class=\"elementor-divider-separator\">\n\t\t\t\t\t\t<\/span>\n\t\t<\/div>\n\t\t\t\t\t\t<\/div>\n\t\t\t\t<\/div>\n\t\t\t\t<div class=\"elementor-element elementor-element-48ee396 elementor-widget elementor-widget-text-editor\" data-id=\"48ee396\" data-element_type=\"widget\" data-e-type=\"widget\" data-widget_type=\"text-editor.default\">\n\t\t\t\t<div class=\"elementor-widget-container\">\n\t\t\t\t\t\t\t\t\t<p data-start=\"155\" data-end=\"330\">Desde la Asociaci\u00f3n se ofrece cada a\u00f1o un <strong data-start=\"197\" data-end=\"215\">Plan Formativo<\/strong> con diversas acciones dirigidas a mejorar la capacitaci\u00f3n y el desarrollo profesional de las personas asociadas.<\/p><p data-start=\"332\" data-end=\"611\">Con el fin de <strong data-start=\"346\" data-end=\"398\">ajustar la programaci\u00f3n a las necesidades reales<\/strong>, invitamos a todas las personas interesadas a comunicar su inter\u00e9s en las acciones formativas en las que deseen participar. Esto nos permite planificar los cursos y reservar las plazas con la debida antelaci\u00f3n.<\/p><p data-start=\"613\" data-end=\"809\">Las formaciones se imparten tanto en <strong data-start=\"650\" data-end=\"690\">modalidad presencial como telem\u00e1tica<\/strong>, adapt\u00e1ndonos a las circunstancias y buscando siempre ofrecer actividades de <strong data-start=\"768\" data-end=\"806\">m\u00e1xima calidad y utilidad pr\u00e1ctica<\/strong>.<\/p>\t\t\t\t\t\t\t\t<\/div>\n\t\t\t\t<\/div>\n\t\t<div class=\"elementor-element elementor-element-b560872 e-flex e-con-boxed e-con e-parent\" data-id=\"b560872\" data-element_type=\"container\" data-e-type=\"container\">\n\t\t\t\t\t<div class=\"e-con-inner\">\n\t\t\t\t<div class=\"elementor-element elementor-element-238cb1b e-transform e-transform e-transform elementor-widget elementor-widget-wpzoom-elementor-addons-slider\" data-id=\"238cb1b\" data-element_type=\"widget\" data-e-type=\"widget\" data-settings=\"{&quot;_transform_scale_effect&quot;:{&quot;unit&quot;:&quot;px&quot;,&quot;size&quot;:1,&quot;sizes&quot;:[]},&quot;animation_speed&quot;:300,&quot;autoplay&quot;:&quot;yes&quot;,&quot;autoplay_speed&quot;:3000,&quot;loop&quot;:&quot;yes&quot;,&quot;slides_to_show&quot;:1,&quot;slides_to_show_tablet&quot;:1,&quot;slides_to_show_mobile&quot;:1,&quot;navigation&quot;:&quot;arrow&quot;,&quot;_transform_rotateZ_effect&quot;:{&quot;unit&quot;:&quot;px&quot;,&quot;size&quot;:&quot;&quot;,&quot;sizes&quot;:[]},&quot;_transform_rotateZ_effect_tablet&quot;:{&quot;unit&quot;:&quot;deg&quot;,&quot;size&quot;:&quot;&quot;,&quot;sizes&quot;:[]},&quot;_transform_rotateZ_effect_mobile&quot;:{&quot;unit&quot;:&quot;deg&quot;,&quot;size&quot;:&quot;&quot;,&quot;sizes&quot;:[]},&quot;_transform_translateX_effect&quot;:{&quot;unit&quot;:&quot;px&quot;,&quot;size&quot;:&quot;&quot;,&quot;sizes&quot;:[]},&quot;_transform_translateX_effect_tablet&quot;:{&quot;unit&quot;:&quot;px&quot;,&quot;size&quot;:&quot;&quot;,&quot;sizes&quot;:[]},&quot;_transform_translateX_effect_mobile&quot;:{&quot;unit&quot;:&quot;px&quot;,&quot;size&quot;:&quot;&quot;,&quot;sizes&quot;:[]},&quot;_transform_translateY_effect&quot;:{&quot;unit&quot;:&quot;px&quot;,&quot;size&quot;:&quot;&quot;,&quot;sizes&quot;:[]},&quot;_transform_translateY_effect_tablet&quot;:{&quot;unit&quot;:&quot;px&quot;,&quot;size&quot;:&quot;&quot;,&quot;sizes&quot;:[]},&quot;_transform_translateY_effect_mobile&quot;:{&quot;unit&quot;:&quot;px&quot;,&quot;size&quot;:&quot;&quot;,&quot;sizes&quot;:[]},&quot;_transform_scale_effect_tablet&quot;:{&quot;unit&quot;:&quot;px&quot;,&quot;size&quot;:&quot;&quot;,&quot;sizes&quot;:[]},&quot;_transform_scale_effect_mobile&quot;:{&quot;unit&quot;:&quot;px&quot;,&quot;size&quot;:&quot;&quot;,&quot;sizes&quot;:[]}}\" data-widget_type=\"wpzoom-elementor-addons-slider.default\">\n\t\t\t\t<div class=\"elementor-widget-container\">\n\t\t\t\t\t<div class=\"wpzjs-slick wpz-slick wpz-slick--slider\">\n\n\t\t\t\n\t\t\t\t<div class=\"wpz-slick-slide\">\n\n\t\t\t\t\t<div class=\"wpz-slick-item\">\n\n\t\t\t\t\t\t\t\t\t\t\t\t\t<img decoding=\"async\" class=\"wpz-slick-img\" src=\"https:\/\/www.lugomadera.com\/wp-content\/uploads\/2025\/10\/WhatsApp-Image-2024-12-17-at-11.21.44-1.jpeg\" alt=\"\">\n\t\t\t\t\t\t\n\t\t\t\t\t\t\n\t\t\t\t\t\t\n\t\t\t\t\t<\/div>\n\n\t\t\t\t<\/div>\n\n\t\t\t\n\t\t\t\t<div class=\"wpz-slick-slide\">\n\n\t\t\t\t\t<div class=\"wpz-slick-item\">\n\n\t\t\t\t\t\t\t\t\t\t\t\t\t<img decoding=\"async\" class=\"wpz-slick-img\" src=\"https:\/\/www.lugomadera.com\/wp-content\/uploads\/2025\/10\/WhatsApp-Image-2025-09-13-at-13.58.23.jpeg\" alt=\"\">\n\t\t\t\t\t\t\n\t\t\t\t\t\t\n\t\t\t\t\t\t\n\t\t\t\t\t<\/div>\n\n\t\t\t\t<\/div>\n\n\t\t\t\n\t\t\t\t<div class=\"wpz-slick-slide\">\n\n\t\t\t\t\t<div class=\"wpz-slick-item\">\n\n\t\t\t\t\t\t\t\t\t\t\t\t\t<img decoding=\"async\" class=\"wpz-slick-img\" src=\"https:\/\/www.lugomadera.com\/wp-content\/uploads\/2025\/10\/WhatsApp-Image-2025-07-10-at-15.40.04.jpeg\" alt=\"\">\n\t\t\t\t\t\t\n\t\t\t\t\t\t\n\t\t\t\t\t\t\n\t\t\t\t\t<\/div>\n\n\t\t\t\t<\/div>\n\n\t\t\t\n\t\t\t\t<div class=\"wpz-slick-slide\">\n\n\t\t\t\t\t<div class=\"wpz-slick-item\">\n\n\t\t\t\t\t\t\t\t\t\t\t\t\t<img decoding=\"async\" class=\"wpz-slick-img\" src=\"https:\/\/www.lugomadera.com\/wp-content\/uploads\/2026\/02\/foto_obra-1.jpg\" alt=\"\">\n\t\t\t\t\t\t\n\t\t\t\t\t\t\n\t\t\t\t\t\t\n\t\t\t\t\t<\/div>\n\n\t\t\t\t<\/div>\n\n\t\t\t\n\t\t\t\t<div class=\"wpz-slick-slide\">\n\n\t\t\t\t\t<div class=\"wpz-slick-item\">\n\n\t\t\t\t\t\t\t\t\t\t\t\t\t<img decoding=\"async\" class=\"wpz-slick-img\" src=\"https:\/\/www.lugomadera.com\/wp-content\/uploads\/2025\/10\/WhatsApp-Image-2025-01-28-at-11.21.52.jpeg\" alt=\"\">\n\t\t\t\t\t\t\n\t\t\t\t\t\t\n\t\t\t\t\t\t\n\t\t\t\t\t<\/div>\n\n\t\t\t\t<\/div>\n\n\t\t\t\n\t\t\t\t<div class=\"wpz-slick-slide\">\n\n\t\t\t\t\t<div class=\"wpz-slick-item\">\n\n\t\t\t\t\t\t\t\t\t\t\t\t\t<img decoding=\"async\" class=\"wpz-slick-img\" src=\"https:\/\/www.lugomadera.com\/wp-content\/uploads\/2025\/10\/WhatsApp-Image-2024-12-17-at-11.21.44-1.jpeg\" alt=\"\">\n\t\t\t\t\t\t\n\t\t\t\t\t\t\n\t\t\t\t\t\t\n\t\t\t\t\t<\/div>\n\n\t\t\t\t<\/div>\n\n\t\t\t\n\t\t\t\t<div class=\"wpz-slick-slide\">\n\n\t\t\t\t\t<div class=\"wpz-slick-item\">\n\n\t\t\t\t\t\t\t\t\t\t\t\t\t<img decoding=\"async\" class=\"wpz-slick-img\" src=\"https:\/\/www.lugomadera.com\/wp-content\/uploads\/2025\/10\/WhatsApp-Image-2025-09-20-at-14.07.16.jpeg\" alt=\"\">\n\t\t\t\t\t\t\n\t\t\t\t\t\t\n\t\t\t\t\t\t\n\t\t\t\t\t<\/div>\n\n\t\t\t\t<\/div>\n\n\t\t\t\n\t\t\t\t<div class=\"wpz-slick-slide\">\n\n\t\t\t\t\t<div class=\"wpz-slick-item\">\n\n\t\t\t\t\t\t\t\t\t\t\t\t\t<img decoding=\"async\" class=\"wpz-slick-img\" src=\"https:\/\/www.lugomadera.com\/wp-content\/uploads\/2026\/03\/WhatsApp-Image-2026-02-19-at-10.48.50-1.jpeg\" alt=\"\">\n\t\t\t\t\t\t\n\t\t\t\t\t\t\n\t\t\t\t\t\t\n\t\t\t\t\t<\/div>\n\n\t\t\t\t<\/div>\n\n\t\t\t\n\t\t\t\t<div class=\"wpz-slick-slide\">\n\n\t\t\t\t\t<div class=\"wpz-slick-item\">\n\n\t\t\t\t\t\t\t\t\t\t\t\t\t<img decoding=\"async\" class=\"wpz-slick-img\" src=\"https:\/\/www.lugomadera.com\/wp-content\/uploads\/2026\/03\/WhatsApp-Image-2026-02-27-at-13.51.04-1.jpeg\" alt=\"\">\n\t\t\t\t\t\t\n\t\t\t\t\t\t\n\t\t\t\t\t\t\n\t\t\t\t\t<\/div>\n\n\t\t\t\t<\/div>\n\n\t\t\t\n\t\t\t\t<div class=\"wpz-slick-slide\">\n\n\t\t\t\t\t<div class=\"wpz-slick-item\">\n\n\t\t\t\t\t\t\t\t\t\t\t\t\t<img decoding=\"async\" class=\"wpz-slick-img\" src=\"https:\/\/www.lugomadera.com\/wp-content\/uploads\/2026\/03\/WhatsApp-Image-2026-02-11-at-09.32.52-1.jpeg\" alt=\"\">\n\t\t\t\t\t\t\n\t\t\t\t\t\t\n\t\t\t\t\t\t\n\t\t\t\t\t<\/div>\n\n\t\t\t\t<\/div>\n\n\t\t\t\n\t\t\t\t<div class=\"wpz-slick-slide\">\n\n\t\t\t\t\t<div class=\"wpz-slick-item\">\n\n\t\t\t\t\t\t\t\t\t\t\t\t\t<img decoding=\"async\" class=\"wpz-slick-img\" src=\"https:\/\/www.lugomadera.com\/wp-content\/uploads\/2026\/03\/WhatsApp-Image-2026-02-12-at-15.41.16-4.jpeg\" alt=\"\">\n\t\t\t\t\t\t\n\t\t\t\t\t\t\n\t\t\t\t\t\t\n\t\t\t\t\t<\/div>\n\n\t\t\t\t<\/div>\n\n\t\t\t\n\t\t\t\t<div class=\"wpz-slick-slide\">\n\n\t\t\t\t\t<div class=\"wpz-slick-item\">\n\n\t\t\t\t\t\t\t\t\t\t\t\t\t<img decoding=\"async\" class=\"wpz-slick-img\" src=\"https:\/\/www.lugomadera.com\/wp-content\/uploads\/2026\/03\/WhatsApp-Image-2025-07-18-at-11.27.54.jpeg\" alt=\"\">\n\t\t\t\t\t\t\n\t\t\t\t\t\t\n\t\t\t\t\t\t\n\t\t\t\t\t<\/div>\n\n\t\t\t\t<\/div>\n\n\t\t\t\n\t\t\t\t<div class=\"wpz-slick-slide\">\n\n\t\t\t\t\t<div class=\"wpz-slick-item\">\n\n\t\t\t\t\t\t\t\t\t\t\t\t\t<img decoding=\"async\" class=\"wpz-slick-img\" src=\"https:\/\/www.lugomadera.com\/wp-content\/uploads\/2026\/03\/WhatsApp-Image-2025-07-18-at-11.28.10.jpeg\" alt=\"\">\n\t\t\t\t\t\t\n\t\t\t\t\t\t\n\t\t\t\t\t\t\n\t\t\t\t\t<\/div>\n\n\t\t\t\t<\/div>\n\n\t\t\t\n\t\t\t\t<div class=\"wpz-slick-slide\">\n\n\t\t\t\t\t<div class=\"wpz-slick-item\">\n\n\t\t\t\t\t\t\t\t\t\t\t\t\t<img decoding=\"async\" class=\"wpz-slick-img\" src=\"https:\/\/www.lugomadera.com\/wp-content\/uploads\/2026\/03\/WhatsApp-Image-2024-11-13-at-14.38.04.jpeg\" alt=\"\">\n\t\t\t\t\t\t\n\t\t\t\t\t\t\n\t\t\t\t\t\t\n\t\t\t\t\t<\/div>\n\n\t\t\t\t<\/div>\n\n\t\t\t\n\t\t\t\t<div class=\"wpz-slick-slide\">\n\n\t\t\t\t\t<div class=\"wpz-slick-item\">\n\n\t\t\t\t\t\t\t\t\t\t\t\t\t<img decoding=\"async\" class=\"wpz-slick-img\" src=\"https:\/\/www.lugomadera.com\/wp-content\/uploads\/2026\/03\/WhatsApp-Image-2024-11-13-at-14.38.04-3.jpeg\" alt=\"\">\n\t\t\t\t\t\t\n\t\t\t\t\t\t\n\t\t\t\t\t\t\n\t\t\t\t\t<\/div>\n\n\t\t\t\t<\/div>\n\n\t\t\t\n\t\t\t\t<div class=\"wpz-slick-slide\">\n\n\t\t\t\t\t<div class=\"wpz-slick-item\">\n\n\t\t\t\t\t\t\t\t\t\t\t\t\t<img decoding=\"async\" class=\"wpz-slick-img\" src=\"https:\/\/www.lugomadera.com\/wp-content\/uploads\/2026\/03\/WhatsApp-Image-2024-05-03-at-11.19.52.jpeg\" alt=\"\">\n\t\t\t\t\t\t\n\t\t\t\t\t\t\n\t\t\t\t\t\t\n\t\t\t\t\t<\/div>\n\n\t\t\t\t<\/div>\n\n\t\t\t\n\t\t\t\t<div class=\"wpz-slick-slide\">\n\n\t\t\t\t\t<div class=\"wpz-slick-item\">\n\n\t\t\t\t\t\t\t\t\t\t\t\t\t<img decoding=\"async\" class=\"wpz-slick-img\" src=\"https:\/\/www.lugomadera.com\/wp-content\/uploads\/2026\/03\/WhatsApp-Image-2024-05-03-at-11.19.57-1.jpeg\" alt=\"\">\n\t\t\t\t\t\t\n\t\t\t\t\t\t\n\t\t\t\t\t\t\n\t\t\t\t\t<\/div>\n\n\t\t\t\t<\/div>\n\n\t\t\t\n\t\t\t\t<div class=\"wpz-slick-slide\">\n\n\t\t\t\t\t<div class=\"wpz-slick-item\">\n\n\t\t\t\t\t\t\t\t\t\t\t\t\t<img decoding=\"async\" class=\"wpz-slick-img\" src=\"https:\/\/www.lugomadera.com\/wp-content\/uploads\/2026\/03\/WhatsApp-Image-2025-12-17-at-09.53.12.jpeg\" alt=\"\">\n\t\t\t\t\t\t\n\t\t\t\t\t\t\n\t\t\t\t\t\t\n\t\t\t\t\t<\/div>\n\n\t\t\t\t<\/div>\n\n\t\t\t\n\t\t\t\t<div class=\"wpz-slick-slide\">\n\n\t\t\t\t\t<div class=\"wpz-slick-item\">\n\n\t\t\t\t\t\t\t\t\t\t\t\t\t<img decoding=\"async\" class=\"wpz-slick-img\" src=\"https:\/\/www.lugomadera.com\/wp-content\/uploads\/2026\/03\/WhatsApp-Image-2025-07-30-at-19.36.20-4.jpeg\" alt=\"\">\n\t\t\t\t\t\t\n\t\t\t\t\t\t\n\t\t\t\t\t\t\n\t\t\t\t\t<\/div>\n\n\t\t\t\t<\/div>\n\n\t\t\t\n\t\t<\/div>\n\n\t\t\t\t\t<button type=\"button\" class=\"slick-prev\"><svg aria-hidden=\"true\" class=\"e-font-icon-svg e-fas-chevron-left\" viewBox=\"0 0 320 512\" xmlns=\"http:\/\/www.w3.org\/2000\/svg\"><path d=\"M34.52 239.03L228.87 44.69c9.37-9.37 24.57-9.37 33.94 0l22.67 22.67c9.36 9.36 9.37 24.52.04 33.9L131.49 256l154.02 154.75c9.34 9.38 9.32 24.54-.04 33.9l-22.67 22.67c-9.37 9.37-24.57 9.37-33.94 0L34.52 272.97c-9.37-9.37-9.37-24.57 0-33.94z\"><\/path><\/svg><\/button>\n\t\t\n\t\t\t\t\t<button type=\"button\" class=\"slick-next\"><svg aria-hidden=\"true\" class=\"e-font-icon-svg e-fas-chevron-right\" viewBox=\"0 0 320 512\" xmlns=\"http:\/\/www.w3.org\/2000\/svg\"><path d=\"M285.476 272.971L91.132 467.314c-9.373 9.373-24.569 9.373-33.941 0l-22.667-22.667c-9.357-9.357-9.375-24.522-.04-33.901L188.505 256 34.484 101.255c-9.335-9.379-9.317-24.544.04-33.901l22.667-22.667c9.373-9.373 24.569-9.373 33.941 0L285.475 239.03c9.373 9.372 9.373 24.568.001 33.941z\"><\/path><\/svg><\/button>\n\t\t\n\t\t\t\t\t\t<\/div>\n\t\t\t\t<\/div>\n\t\t\t\t\t<\/div>\n\t\t\t\t<\/div>\n\t\t\t\t\t<\/div>\n\t\t<\/div>\n\t\t\t\t\t<\/div>\n\t\t<\/section>\n\t\t\t\t<\/div>\n\t\t","protected":false},"excerpt":{"rendered":"<p>Formaci\u00f3n Desde la Asociaci\u00f3n se ofrece cada a\u00f1o un Plan Formativo con diversas acciones dirigidas a mejorar la capacitaci\u00f3n y el desarrollo profesional de las personas asociadas. Con el fin de ajustar la programaci\u00f3n a las necesidades reales, invitamos a todas las personas interesadas a comunicar su inter\u00e9s en las [&hellip;]<\/p>\n","protected":false},"author":1,"featured_media":0,"parent":0,"menu_order":0,"comment_status":"closed","ping_status":"closed","template":"page-templates\/full-width-transparent.php","meta":{"footnotes":""},"class_list":["post-8487","page","type-page","status-publish","hentry"],"yoast_head":"<!-- This site is optimized with the Yoast SEO plugin v27.4 - https:\/\/yoast.com\/product\/yoast-seo-wordpress\/ -->\n<title>Formaci\u00f3n - Lugo Madera<\/title>\n<meta name=\"robots\" content=\"index, follow, max-snippet:-1, max-image-preview:large, max-video-preview:-1\" \/>\n<link rel=\"canonical\" href=\"https:\/\/www.lugomadera.com\/index.php\/formacion\/\" \/>\n<meta property=\"og:locale\" content=\"es_ES\" \/>\n<meta property=\"og:type\" content=\"article\" \/>\n<meta property=\"og:title\" content=\"Formaci\u00f3n - Lugo Madera\" \/>\n<meta property=\"og:description\" content=\"Formaci\u00f3n Desde la Asociaci\u00f3n se ofrece cada a\u00f1o un Plan Formativo con diversas acciones dirigidas a mejorar la capacitaci\u00f3n y el desarrollo profesional de las personas asociadas. Con el fin de ajustar la programaci\u00f3n a las necesidades reales, invitamos a todas las personas interesadas a comunicar su inter\u00e9s en las [&hellip;]\" \/>\n<meta property=\"og:url\" content=\"https:\/\/www.lugomadera.com\/index.php\/formacion\/\" \/>\n<meta property=\"og:site_name\" content=\"Lugo Madera\" \/>\n<meta property=\"article:modified_time\" content=\"2026-03-05T10:53:18+00:00\" \/>\n<meta property=\"og:image\" content=\"https:\/\/www.lugomadera.com\/wp-content\/uploads\/2025\/10\/WhatsApp-Image-2024-12-17-at-11.21.44-1.jpeg\" \/>\n<meta name=\"twitter:card\" content=\"summary_large_image\" \/>\n<meta name=\"twitter:label1\" content=\"Tiempo de lectura\" \/>\n\t<meta name=\"twitter:data1\" content=\"9 minutos\" \/>\n<script type=\"application\/ld+json\" class=\"yoast-schema-graph\">{\"@context\":\"https:\\\/\\\/schema.org\",\"@graph\":[{\"@type\":\"WebPage\",\"@id\":\"https:\\\/\\\/www.lugomadera.com\\\/index.php\\\/formacion\\\/\",\"url\":\"https:\\\/\\\/www.lugomadera.com\\\/index.php\\\/formacion\\\/\",\"name\":\"Formaci\u00f3n - Lugo Madera\",\"isPartOf\":{\"@id\":\"https:\\\/\\\/www.lugomadera.com\\\/#website\"},\"primaryImageOfPage\":{\"@id\":\"https:\\\/\\\/www.lugomadera.com\\\/index.php\\\/formacion\\\/#primaryimage\"},\"image\":{\"@id\":\"https:\\\/\\\/www.lugomadera.com\\\/index.php\\\/formacion\\\/#primaryimage\"},\"thumbnailUrl\":\"https:\\\/\\\/www.lugomadera.com\\\/wp-content\\\/uploads\\\/2025\\\/10\\\/WhatsApp-Image-2024-12-17-at-11.21.44-1.jpeg\",\"datePublished\":\"2024-02-08T02:46:37+00:00\",\"dateModified\":\"2026-03-05T10:53:18+00:00\",\"breadcrumb\":{\"@id\":\"https:\\\/\\\/www.lugomadera.com\\\/index.php\\\/formacion\\\/#breadcrumb\"},\"inLanguage\":\"es\",\"potentialAction\":[{\"@type\":\"ReadAction\",\"target\":[\"https:\\\/\\\/www.lugomadera.com\\\/index.php\\\/formacion\\\/\"]}]},{\"@type\":\"ImageObject\",\"inLanguage\":\"es\",\"@id\":\"https:\\\/\\\/www.lugomadera.com\\\/index.php\\\/formacion\\\/#primaryimage\",\"url\":\"https:\\\/\\\/www.lugomadera.com\\\/wp-content\\\/uploads\\\/2025\\\/10\\\/WhatsApp-Image-2024-12-17-at-11.21.44-1.jpeg\",\"contentUrl\":\"https:\\\/\\\/www.lugomadera.com\\\/wp-content\\\/uploads\\\/2025\\\/10\\\/WhatsApp-Image-2024-12-17-at-11.21.44-1.jpeg\",\"width\":1600,\"height\":1200},{\"@type\":\"BreadcrumbList\",\"@id\":\"https:\\\/\\\/www.lugomadera.com\\\/index.php\\\/formacion\\\/#breadcrumb\",\"itemListElement\":[{\"@type\":\"ListItem\",\"position\":1,\"name\":\"Portada\",\"item\":\"https:\\\/\\\/www.lugomadera.com\\\/\"},{\"@type\":\"ListItem\",\"position\":2,\"name\":\"Formaci\u00f3n\"}]},{\"@type\":\"WebSite\",\"@id\":\"https:\\\/\\\/www.lugomadera.com\\\/#website\",\"url\":\"https:\\\/\\\/www.lugomadera.com\\\/\",\"name\":\"Lugo Madera\",\"description\":\"Asociaci\u00f3n Provincial de Empresarios de la 1\u00aa Transformaci\u00f3n de la Madera de Lugo\",\"publisher\":{\"@id\":\"https:\\\/\\\/www.lugomadera.com\\\/#organization\"},\"potentialAction\":[{\"@type\":\"SearchAction\",\"target\":{\"@type\":\"EntryPoint\",\"urlTemplate\":\"https:\\\/\\\/www.lugomadera.com\\\/?s={search_term_string}\"},\"query-input\":{\"@type\":\"PropertyValueSpecification\",\"valueRequired\":true,\"valueName\":\"search_term_string\"}}],\"inLanguage\":\"es\"},{\"@type\":\"Organization\",\"@id\":\"https:\\\/\\\/www.lugomadera.com\\\/#organization\",\"name\":\"Lugo Madera\",\"url\":\"https:\\\/\\\/www.lugomadera.com\\\/\",\"logo\":{\"@type\":\"ImageObject\",\"inLanguage\":\"es\",\"@id\":\"https:\\\/\\\/www.lugomadera.com\\\/#\\\/schema\\\/logo\\\/image\\\/\",\"url\":\"https:\\\/\\\/www.lugomadera.com\\\/wp-content\\\/uploads\\\/2024\\\/02\\\/lugo-white-300-h-1.png\",\"contentUrl\":\"https:\\\/\\\/www.lugomadera.com\\\/wp-content\\\/uploads\\\/2024\\\/02\\\/lugo-white-300-h-1.png\",\"width\":600,\"height\":262,\"caption\":\"Lugo Madera\"},\"image\":{\"@id\":\"https:\\\/\\\/www.lugomadera.com\\\/#\\\/schema\\\/logo\\\/image\\\/\"}}]}<\/script>\n<!-- \/ Yoast SEO plugin. -->","yoast_head_json":{"title":"Formaci\u00f3n - Lugo Madera","robots":{"index":"index","follow":"follow","max-snippet":"max-snippet:-1","max-image-preview":"max-image-preview:large","max-video-preview":"max-video-preview:-1"},"canonical":"https:\/\/www.lugomadera.com\/index.php\/formacion\/","og_locale":"es_ES","og_type":"article","og_title":"Formaci\u00f3n - Lugo Madera","og_description":"Formaci\u00f3n Desde la Asociaci\u00f3n se ofrece cada a\u00f1o un Plan Formativo con diversas acciones dirigidas a mejorar la capacitaci\u00f3n y el desarrollo profesional de las personas asociadas. Con el fin de ajustar la programaci\u00f3n a las necesidades reales, invitamos a todas las personas interesadas a comunicar su inter\u00e9s en las [&hellip;]","og_url":"https:\/\/www.lugomadera.com\/index.php\/formacion\/","og_site_name":"Lugo Madera","article_modified_time":"2026-03-05T10:53:18+00:00","og_image":[{"url":"https:\/\/www.lugomadera.com\/wp-content\/uploads\/2025\/10\/WhatsApp-Image-2024-12-17-at-11.21.44-1.jpeg","type":"","width":"","height":""}],"twitter_card":"summary_large_image","twitter_misc":{"Tiempo de lectura":"9 minutos"},"schema":{"@context":"https:\/\/schema.org","@graph":[{"@type":"WebPage","@id":"https:\/\/www.lugomadera.com\/index.php\/formacion\/","url":"https:\/\/www.lugomadera.com\/index.php\/formacion\/","name":"Formaci\u00f3n - Lugo Madera","isPartOf":{"@id":"https:\/\/www.lugomadera.com\/#website"},"primaryImageOfPage":{"@id":"https:\/\/www.lugomadera.com\/index.php\/formacion\/#primaryimage"},"image":{"@id":"https:\/\/www.lugomadera.com\/index.php\/formacion\/#primaryimage"},"thumbnailUrl":"https:\/\/www.lugomadera.com\/wp-content\/uploads\/2025\/10\/WhatsApp-Image-2024-12-17-at-11.21.44-1.jpeg","datePublished":"2024-02-08T02:46:37+00:00","dateModified":"2026-03-05T10:53:18+00:00","breadcrumb":{"@id":"https:\/\/www.lugomadera.com\/index.php\/formacion\/#breadcrumb"},"inLanguage":"es","potentialAction":[{"@type":"ReadAction","target":["https:\/\/www.lugomadera.com\/index.php\/formacion\/"]}]},{"@type":"ImageObject","inLanguage":"es","@id":"https:\/\/www.lugomadera.com\/index.php\/formacion\/#primaryimage","url":"https:\/\/www.lugomadera.com\/wp-content\/uploads\/2025\/10\/WhatsApp-Image-2024-12-17-at-11.21.44-1.jpeg","contentUrl":"https:\/\/www.lugomadera.com\/wp-content\/uploads\/2025\/10\/WhatsApp-Image-2024-12-17-at-11.21.44-1.jpeg","width":1600,"height":1200},{"@type":"BreadcrumbList","@id":"https:\/\/www.lugomadera.com\/index.php\/formacion\/#breadcrumb","itemListElement":[{"@type":"ListItem","position":1,"name":"Portada","item":"https:\/\/www.lugomadera.com\/"},{"@type":"ListItem","position":2,"name":"Formaci\u00f3n"}]},{"@type":"WebSite","@id":"https:\/\/www.lugomadera.com\/#website","url":"https:\/\/www.lugomadera.com\/","name":"Lugo Madera","description":"Asociaci\u00f3n Provincial de Empresarios de la 1\u00aa Transformaci\u00f3n de la Madera de Lugo","publisher":{"@id":"https:\/\/www.lugomadera.com\/#organization"},"potentialAction":[{"@type":"SearchAction","target":{"@type":"EntryPoint","urlTemplate":"https:\/\/www.lugomadera.com\/?s={search_term_string}"},"query-input":{"@type":"PropertyValueSpecification","valueRequired":true,"valueName":"search_term_string"}}],"inLanguage":"es"},{"@type":"Organization","@id":"https:\/\/www.lugomadera.com\/#organization","name":"Lugo Madera","url":"https:\/\/www.lugomadera.com\/","logo":{"@type":"ImageObject","inLanguage":"es","@id":"https:\/\/www.lugomadera.com\/#\/schema\/logo\/image\/","url":"https:\/\/www.lugomadera.com\/wp-content\/uploads\/2024\/02\/lugo-white-300-h-1.png","contentUrl":"https:\/\/www.lugomadera.com\/wp-content\/uploads\/2024\/02\/lugo-white-300-h-1.png","width":600,"height":262,"caption":"Lugo Madera"},"image":{"@id":"https:\/\/www.lugomadera.com\/#\/schema\/logo\/image\/"}}]}},"jetpack_sharing_enabled":true,"_links":{"self":[{"href":"https:\/\/www.lugomadera.com\/index.php\/wp-json\/wp\/v2\/pages\/8487","targetHints":{"allow":["GET"]}}],"collection":[{"href":"https:\/\/www.lugomadera.com\/index.php\/wp-json\/wp\/v2\/pages"}],"about":[{"href":"https:\/\/www.lugomadera.com\/index.php\/wp-json\/wp\/v2\/types\/page"}],"author":[{"embeddable":true,"href":"https:\/\/www.lugomadera.com\/index.php\/wp-json\/wp\/v2\/users\/1"}],"replies":[{"embeddable":true,"href":"https:\/\/www.lugomadera.com\/index.php\/wp-json\/wp\/v2\/comments?post=8487"}],"version-history":[{"count":49,"href":"https:\/\/www.lugomadera.com\/index.php\/wp-json\/wp\/v2\/pages\/8487\/revisions"}],"predecessor-version":[{"id":11027,"href":"https:\/\/www.lugomadera.com\/index.php\/wp-json\/wp\/v2\/pages\/8487\/revisions\/11027"}],"wp:attachment":[{"href":"https:\/\/www.lugomadera.com\/index.php\/wp-json\/wp\/v2\/media?parent=8487"}],"curies":[{"name":"wp","href":"https:\/\/api.w.org\/{rel}","templated":true}]}}