{"id":8218,"date":"2024-02-07T20:58:19","date_gmt":"2024-02-07T20:58:19","guid":{"rendered":"https:\/\/test3.nigal.net\/?page_id=8218"},"modified":"2026-02-12T12:20:27","modified_gmt":"2026-02-12T12:20:27","slug":"portal-de-empleo","status":"publish","type":"page","link":"https:\/\/www.lugomadera.com\/index.php\/portal-de-empleo\/","title":{"rendered":"Portal de empleo"},"content":{"rendered":"\t\t<div data-elementor-type=\"wp-page\" data-elementor-id=\"8218\" class=\"elementor elementor-8218\" data-elementor-post-type=\"page\">\n\t\t\t\t\t\t<section class=\"elementor-section elementor-top-section elementor-element elementor-element-2a61e0a2 elementor-section-boxed elementor-section-height-default elementor-section-height-default\" data-id=\"2a61e0a2\" data-element_type=\"section\" data-e-type=\"section\" data-settings=\"{&quot;background_background&quot;:&quot;classic&quot;}\">\n\t\t\t\t\t\t\t<div class=\"elementor-background-overlay\"><\/div>\n\t\t\t\t\t\t\t<div class=\"elementor-container elementor-column-gap-no\">\n\t\t\t\t\t<div class=\"elementor-column elementor-col-100 elementor-top-column elementor-element elementor-element-167fdbbc\" data-id=\"167fdbbc\" data-element_type=\"column\" data-e-type=\"column\">\n\t\t\t<div class=\"elementor-widget-wrap elementor-element-populated\">\n\t\t\t\t\t\t<div class=\"elementor-element elementor-element-55a66a80 elementor-widget elementor-widget-heading\" data-id=\"55a66a80\" data-element_type=\"widget\" data-e-type=\"widget\" data-widget_type=\"heading.default\">\n\t\t\t\t<div class=\"elementor-widget-container\">\n\t\t\t\t\t<h3 class=\"elementor-heading-title elementor-size-default\">PORTAL DE EMPLEO<\/h3>\t\t\t\t<\/div>\n\t\t\t\t<\/div>\n\t\t\t\t<div class=\"elementor-element elementor-element-4f37af40 elementor-widget elementor-widget-heading\" data-id=\"4f37af40\" data-element_type=\"widget\" data-e-type=\"widget\" data-widget_type=\"heading.default\">\n\t\t\t\t<div class=\"elementor-widget-container\">\n\t\t\t\t\t<h2 class=\"elementor-heading-title elementor-size-default\">Con el objetivo de facilitar a todos los asociados la participaci\u00f3n en las <b style=\"color:WHITE\">actividades colectivas<\/b><\/h2>\t\t\t\t<\/div>\n\t\t\t\t<\/div>\n\t\t\t\t<div class=\"elementor-element elementor-element-844c086 elementor-widget-divider--view-line elementor-widget elementor-widget-divider\" data-id=\"844c086\" data-element_type=\"widget\" data-e-type=\"widget\" data-widget_type=\"divider.default\">\n\t\t\t\t<div class=\"elementor-widget-container\">\n\t\t\t\t\t\t\t<div class=\"elementor-divider\">\n\t\t\t<span class=\"elementor-divider-separator\">\n\t\t\t\t\t\t<\/span>\n\t\t<\/div>\n\t\t\t\t\t\t<\/div>\n\t\t\t\t<\/div>\n\t\t\t\t\t<\/div>\n\t\t<\/div>\n\t\t\t\t\t<\/div>\n\t\t<\/section>\n\t\t\t\t<section class=\"elementor-section elementor-top-section elementor-element elementor-element-e39ffcb elementor-section-boxed elementor-section-height-default elementor-section-height-default\" data-id=\"e39ffcb\" data-element_type=\"section\" data-e-type=\"section\">\n\t\t\t\t\t\t<div class=\"elementor-container elementor-column-gap-no\">\n\t\t\t\t\t<div class=\"elementor-column elementor-col-100 elementor-top-column elementor-element elementor-element-6ff102ea\" data-id=\"6ff102ea\" data-element_type=\"column\" data-e-type=\"column\">\n\t\t\t<div class=\"elementor-widget-wrap elementor-element-populated\">\n\t\t\t\t\t\t<section class=\"elementor-section elementor-inner-section elementor-element elementor-element-43c87f7e elementor-section-full_width elementor-section-height-default elementor-section-height-default\" data-id=\"43c87f7e\" data-element_type=\"section\" data-e-type=\"section\">\n\t\t\t\t\t\t<div class=\"elementor-container elementor-column-gap-no\">\n\t\t\t\t\t<div class=\"elementor-column elementor-col-100 elementor-inner-column elementor-element elementor-element-541b077\" data-id=\"541b077\" data-element_type=\"column\" data-e-type=\"column\">\n\t\t\t<div class=\"elementor-widget-wrap elementor-element-populated\">\n\t\t\t\t\t\t<div class=\"elementor-element elementor-element-01b3228 elementor-widget elementor-widget-text-editor\" data-id=\"01b3228\" data-element_type=\"widget\" data-e-type=\"widget\" data-widget_type=\"text-editor.default\">\n\t\t\t\t<div class=\"elementor-widget-container\">\n\t\t\t\t\t\t\t\t\t<p>Una de las funciones y objetivos que persigue la Asociaci\u00f3n y que as\u00ed figura en sus estatutos, es la de\u00a0<em>\u00a0Facilitar a todos los asociados la participaci\u00f3n en todas las actividades que colectivamente pueden plantearse en el desarrollo propio de las empresas asociadas, o como promoci\u00f3n de objetivos econ\u00f3micos, industriales, comerciales, de calidad y medio ambientales, de prevenci\u00f3n de riesgos laborales, en las \u00e1reas de Nuevas Tecnolog\u00edas, de Planificaci\u00f3n Estrat\u00e9gica, de formaci\u00f3n, etc,\u00a0<\/em>por ello hemos puesto en marcha un servicio de\u00a0<strong><em>Portal de Empleo<\/em><\/strong><strong>\u00a0<\/strong>mediante el cual atender la enorme demanda de personal cualificado que a d\u00eda de hoy tienen las empresas del sector y especialmente las empresas asociadas.<\/p>\t\t\t\t\t\t\t\t<\/div>\n\t\t\t\t<\/div>\n\t\t\t\t<div class=\"elementor-element elementor-element-43164204 elementor-widget elementor-widget-text-editor\" data-id=\"43164204\" data-element_type=\"widget\" data-e-type=\"widget\" data-widget_type=\"text-editor.default\">\n\t\t\t\t<div class=\"elementor-widget-container\">\n\t\t\t\t\t\t\t\t\t<p>A trav\u00e9s de este servicio, las empresas asociadas pueden hacer p\u00fablicas ofertas de trabajo, as\u00ed como consultar el Curr\u00edculum de aquellos trabajadores en b\u00fasqueda de empleo que hicieron llegar previamente su CV a la Asociaci\u00f3n.<\/p><p>Adem\u00e1s, este servicio tambi\u00e9n ofrece la posibilidad, a aquellas personas que est\u00e1n buscando trabajo, de consultar las diferentes ofertas de trabajo que las empresas asociadas publican en la web<\/p>\t\t\t\t\t\t\t\t<\/div>\n\t\t\t\t<\/div>\n\t\t\t\t\t<\/div>\n\t\t<\/div>\n\t\t\t\t\t<\/div>\n\t\t<\/section>\n\t\t\t\t\t<\/div>\n\t\t<\/div>\n\t\t\t\t\t<\/div>\n\t\t<\/section>\n\t\t<div class=\"elementor-element elementor-element-e3d1262 e-flex e-con-boxed e-con e-parent\" data-id=\"e3d1262\" data-element_type=\"container\" data-e-type=\"container\">\n\t\t\t\t\t<div class=\"e-con-inner\">\n\t\t<div class=\"elementor-element elementor-element-6187751 e-con-full e-flex e-con e-child\" data-id=\"6187751\" data-element_type=\"container\" data-e-type=\"container\">\n\t\t\t\t<div class=\"elementor-element elementor-element-540a3cb elementor-icon-list--layout-traditional elementor-list-item-link-full_width elementor-widget elementor-widget-icon-list\" data-id=\"540a3cb\" data-element_type=\"widget\" data-e-type=\"widget\" data-widget_type=\"icon-list.default\">\n\t\t\t\t<div class=\"elementor-widget-container\">\n\t\t\t\t\t\t\t<ul class=\"elementor-icon-list-items\">\n\t\t\t\t\t\t\t<li class=\"elementor-icon-list-item\">\n\t\t\t\t\t\t\t\t\t\t\t<span class=\"elementor-icon-list-icon\">\n\t\t\t\t\t\t\t<svg aria-hidden=\"true\" class=\"e-font-icon-svg e-fas-user-circle\" viewBox=\"0 0 496 512\" xmlns=\"http:\/\/www.w3.org\/2000\/svg\"><path d=\"M248 8C111 8 0 119 0 256s111 248 248 248 248-111 248-248S385 8 248 8zm0 96c48.6 0 88 39.4 88 88s-39.4 88-88 88-88-39.4-88-88 39.4-88 88-88zm0 344c-58.7 0-111.3-26.6-146.5-68.2 18.8-35.4 55.6-59.8 98.5-59.8 2.4 0 4.8.4 7.1 1.1 13 4.2 26.6 6.9 40.9 6.9 14.3 0 28-2.7 40.9-6.9 2.3-.7 4.7-1.1 7.1-1.1 42.9 0 79.7 24.4 98.5 59.8C359.3 421.4 306.7 448 248 448z\"><\/path><\/svg>\t\t\t\t\t\t<\/span>\n\t\t\t\t\t\t\t\t\t\t<span class=\"elementor-icon-list-text\">Subida de Curr\u00edculums<\/span>\n\t\t\t\t\t\t\t\t\t<\/li>\n\t\t\t\t\t\t<\/ul>\n\t\t\t\t\t\t<\/div>\n\t\t\t\t<\/div>\n\t\t\t\t<div class=\"elementor-element elementor-element-28e3f86 elementor-widget elementor-widget-text-editor\" data-id=\"28e3f86\" data-element_type=\"widget\" data-e-type=\"widget\" data-widget_type=\"text-editor.default\">\n\t\t\t\t<div class=\"elementor-widget-container\">\n\t\t\t\t\t\t\t\t\t<p>Los trabajadores pueden subir su curr\u00edculum pulsando en &#8220;A\u00f1adir mi CV&#8221; y rellenando el formulario.<\/p>\t\t\t\t\t\t\t\t<\/div>\n\t\t\t\t<\/div>\n\t\t\t\t<div class=\"elementor-element elementor-element-7a418c3 elementor-align-center elementor-widget elementor-widget-button\" data-id=\"7a418c3\" data-element_type=\"widget\" data-e-type=\"widget\" data-widget_type=\"button.default\">\n\t\t\t\t<div class=\"elementor-widget-container\">\n\t\t\t\t\t\t\t\t\t<div class=\"elementor-button-wrapper\">\n\t\t\t\t\t<a class=\"elementor-button elementor-button-link elementor-size-lg\" href=\"\/index.php\/subir-cv\/\">\n\t\t\t\t\t\t<span class=\"elementor-button-content-wrapper\">\n\t\t\t\t\t\t\t\t\t<span class=\"elementor-button-text\">A\u00f1adir mi CV<\/span>\n\t\t\t\t\t<\/span>\n\t\t\t\t\t<\/a>\n\t\t\t\t<\/div>\n\t\t\t\t\t\t\t\t<\/div>\n\t\t\t\t<\/div>\n\t\t\t\t<\/div>\n\t\t<div class=\"elementor-element elementor-element-f51d82e e-con-full e-flex e-con e-child\" data-id=\"f51d82e\" data-element_type=\"container\" data-e-type=\"container\">\n\t\t\t\t<div class=\"elementor-element elementor-element-d283ff5 elementor-icon-list--layout-traditional elementor-list-item-link-full_width elementor-widget elementor-widget-icon-list\" data-id=\"d283ff5\" data-element_type=\"widget\" data-e-type=\"widget\" data-widget_type=\"icon-list.default\">\n\t\t\t\t<div class=\"elementor-widget-container\">\n\t\t\t\t\t\t\t<ul class=\"elementor-icon-list-items\">\n\t\t\t\t\t\t\t<li class=\"elementor-icon-list-item\">\n\t\t\t\t\t\t\t\t\t\t\t<span class=\"elementor-icon-list-icon\">\n\t\t\t\t\t\t\t<svg aria-hidden=\"true\" class=\"e-font-icon-svg e-far-file\" viewBox=\"0 0 384 512\" xmlns=\"http:\/\/www.w3.org\/2000\/svg\"><path d=\"M369.9 97.9L286 14C277 5 264.8-.1 252.1-.1H48C21.5 0 0 21.5 0 48v416c0 26.5 21.5 48 48 48h288c26.5 0 48-21.5 48-48V131.9c0-12.7-5.1-25-14.1-34zM332.1 128H256V51.9l76.1 76.1zM48 464V48h160v104c0 13.3 10.7 24 24 24h104v288H48z\"><\/path><\/svg>\t\t\t\t\t\t<\/span>\n\t\t\t\t\t\t\t\t\t\t<span class=\"elementor-icon-list-text\">Consulta de Ofertas<\/span>\n\t\t\t\t\t\t\t\t\t<\/li>\n\t\t\t\t\t\t<\/ul>\n\t\t\t\t\t\t<\/div>\n\t\t\t\t<\/div>\n\t\t\t\t<div class=\"elementor-element elementor-element-bf9f801 elementor-widget elementor-widget-text-editor\" data-id=\"bf9f801\" data-element_type=\"widget\" data-e-type=\"widget\" data-widget_type=\"text-editor.default\">\n\t\t\t\t<div class=\"elementor-widget-container\">\n\t\t\t\t\t\t\t\t\t<p>Todos aquellos trabajadores en b\u00fasqueda de empleo podr\u00e1n consultar las diferentes ofertas de trabajo aqu\u00ed:<\/p>\t\t\t\t\t\t\t\t<\/div>\n\t\t\t\t<\/div>\n\t\t\t\t<div class=\"elementor-element elementor-element-73a2ef7 elementor-align-center elementor-widget elementor-widget-button\" data-id=\"73a2ef7\" data-element_type=\"widget\" data-e-type=\"widget\" data-widget_type=\"button.default\">\n\t\t\t\t<div class=\"elementor-widget-container\">\n\t\t\t\t\t\t\t\t\t<div class=\"elementor-button-wrapper\">\n\t\t\t\t\t<a class=\"elementor-button elementor-button-link elementor-size-lg\" href=\"#\">\n\t\t\t\t\t\t<span class=\"elementor-button-content-wrapper\">\n\t\t\t\t\t\t\t\t\t<span class=\"elementor-button-text\">Consultar ofertas<\/span>\n\t\t\t\t\t<\/span>\n\t\t\t\t\t<\/a>\n\t\t\t\t<\/div>\n\t\t\t\t\t\t\t\t<\/div>\n\t\t\t\t<\/div>\n\t\t\t\t<\/div>\n\t\t\t\t\t<\/div>\n\t\t\t\t<\/div>\n\t\t\t\t<section class=\"elementor-section elementor-top-section elementor-element elementor-element-1eaccee2 elementor-section-boxed elementor-section-height-default elementor-section-height-default\" data-id=\"1eaccee2\" data-element_type=\"section\" data-e-type=\"section\">\n\t\t\t\t\t\t<div class=\"elementor-container elementor-column-gap-default\">\n\t\t\t\t\t\t<\/div>\n\t\t<\/section>\n\t\t\t\t<section class=\"elementor-section elementor-top-section elementor-element elementor-element-5ce64b3 elementor-section-boxed elementor-section-height-default elementor-section-height-default\" data-id=\"5ce64b3\" data-element_type=\"section\" data-e-type=\"section\">\n\t\t\t\t\t\t<div class=\"elementor-container elementor-column-gap-default\">\n\t\t\t\t\t\t<\/div>\n\t\t<\/section>\n\t\t\t\t<\/div>\n\t\t","protected":false},"excerpt":{"rendered":"<p>PORTAL DE EMPLEO Con el objetivo de facilitar a todos los asociados la participaci\u00f3n en las actividades colectivas Una de las funciones y objetivos que persigue la Asociaci\u00f3n y que as\u00ed figura en sus estatutos, es la de\u00a0\u00a0Facilitar a todos los asociados la participaci\u00f3n en todas las actividades que colectivamente [&hellip;]<\/p>\n","protected":false},"author":1,"featured_media":0,"parent":0,"menu_order":0,"comment_status":"closed","ping_status":"closed","template":"page-templates\/full-width-transparent.php","meta":{"footnotes":""},"class_list":["post-8218","page","type-page","status-publish","hentry"],"yoast_head":"<!-- This site is optimized with the Yoast SEO plugin v27.4 - https:\/\/yoast.com\/product\/yoast-seo-wordpress\/ -->\n<title>Portal de empleo - Lugo Madera<\/title>\n<meta name=\"robots\" content=\"index, follow, max-snippet:-1, max-image-preview:large, max-video-preview:-1\" \/>\n<link rel=\"canonical\" href=\"https:\/\/www.lugomadera.com\/index.php\/portal-de-empleo\/\" \/>\n<meta property=\"og:locale\" content=\"es_ES\" \/>\n<meta property=\"og:type\" content=\"article\" \/>\n<meta property=\"og:title\" content=\"Portal de empleo - Lugo Madera\" \/>\n<meta property=\"og:description\" content=\"PORTAL DE EMPLEO Con el objetivo de facilitar a todos los asociados la participaci\u00f3n en las actividades colectivas Una de las funciones y objetivos que persigue la Asociaci\u00f3n y que as\u00ed figura en sus estatutos, es la de\u00a0\u00a0Facilitar a todos los asociados la participaci\u00f3n en todas las actividades que colectivamente [&hellip;]\" \/>\n<meta property=\"og:url\" content=\"https:\/\/www.lugomadera.com\/index.php\/portal-de-empleo\/\" \/>\n<meta property=\"og:site_name\" content=\"Lugo Madera\" \/>\n<meta property=\"article:modified_time\" content=\"2026-02-12T12:20:27+00:00\" \/>\n<meta name=\"twitter:card\" content=\"summary_large_image\" \/>\n<meta name=\"twitter:label1\" content=\"Tiempo de lectura\" \/>\n\t<meta name=\"twitter:data1\" content=\"2 minutos\" \/>\n<script type=\"application\/ld+json\" class=\"yoast-schema-graph\">{\"@context\":\"https:\\\/\\\/schema.org\",\"@graph\":[{\"@type\":\"WebPage\",\"@id\":\"https:\\\/\\\/www.lugomadera.com\\\/index.php\\\/portal-de-empleo\\\/\",\"url\":\"https:\\\/\\\/www.lugomadera.com\\\/index.php\\\/portal-de-empleo\\\/\",\"name\":\"Portal de empleo - Lugo Madera\",\"isPartOf\":{\"@id\":\"https:\\\/\\\/www.lugomadera.com\\\/#website\"},\"datePublished\":\"2024-02-07T20:58:19+00:00\",\"dateModified\":\"2026-02-12T12:20:27+00:00\",\"breadcrumb\":{\"@id\":\"https:\\\/\\\/www.lugomadera.com\\\/index.php\\\/portal-de-empleo\\\/#breadcrumb\"},\"inLanguage\":\"es\",\"potentialAction\":[{\"@type\":\"ReadAction\",\"target\":[\"https:\\\/\\\/www.lugomadera.com\\\/index.php\\\/portal-de-empleo\\\/\"]}]},{\"@type\":\"BreadcrumbList\",\"@id\":\"https:\\\/\\\/www.lugomadera.com\\\/index.php\\\/portal-de-empleo\\\/#breadcrumb\",\"itemListElement\":[{\"@type\":\"ListItem\",\"position\":1,\"name\":\"Portada\",\"item\":\"https:\\\/\\\/www.lugomadera.com\\\/\"},{\"@type\":\"ListItem\",\"position\":2,\"name\":\"Portal de empleo\"}]},{\"@type\":\"WebSite\",\"@id\":\"https:\\\/\\\/www.lugomadera.com\\\/#website\",\"url\":\"https:\\\/\\\/www.lugomadera.com\\\/\",\"name\":\"Lugo Madera\",\"description\":\"Asociaci\u00f3n Provincial de Empresarios de la 1\u00aa Transformaci\u00f3n de la Madera de Lugo\",\"publisher\":{\"@id\":\"https:\\\/\\\/www.lugomadera.com\\\/#organization\"},\"potentialAction\":[{\"@type\":\"SearchAction\",\"target\":{\"@type\":\"EntryPoint\",\"urlTemplate\":\"https:\\\/\\\/www.lugomadera.com\\\/?s={search_term_string}\"},\"query-input\":{\"@type\":\"PropertyValueSpecification\",\"valueRequired\":true,\"valueName\":\"search_term_string\"}}],\"inLanguage\":\"es\"},{\"@type\":\"Organization\",\"@id\":\"https:\\\/\\\/www.lugomadera.com\\\/#organization\",\"name\":\"Lugo Madera\",\"url\":\"https:\\\/\\\/www.lugomadera.com\\\/\",\"logo\":{\"@type\":\"ImageObject\",\"inLanguage\":\"es\",\"@id\":\"https:\\\/\\\/www.lugomadera.com\\\/#\\\/schema\\\/logo\\\/image\\\/\",\"url\":\"https:\\\/\\\/www.lugomadera.com\\\/wp-content\\\/uploads\\\/2024\\\/02\\\/lugo-white-300-h-1.png\",\"contentUrl\":\"https:\\\/\\\/www.lugomadera.com\\\/wp-content\\\/uploads\\\/2024\\\/02\\\/lugo-white-300-h-1.png\",\"width\":600,\"height\":262,\"caption\":\"Lugo Madera\"},\"image\":{\"@id\":\"https:\\\/\\\/www.lugomadera.com\\\/#\\\/schema\\\/logo\\\/image\\\/\"}}]}<\/script>\n<!-- \/ Yoast SEO plugin. -->","yoast_head_json":{"title":"Portal de empleo - Lugo Madera","robots":{"index":"index","follow":"follow","max-snippet":"max-snippet:-1","max-image-preview":"max-image-preview:large","max-video-preview":"max-video-preview:-1"},"canonical":"https:\/\/www.lugomadera.com\/index.php\/portal-de-empleo\/","og_locale":"es_ES","og_type":"article","og_title":"Portal de empleo - Lugo Madera","og_description":"PORTAL DE EMPLEO Con el objetivo de facilitar a todos los asociados la participaci\u00f3n en las actividades colectivas Una de las funciones y objetivos que persigue la Asociaci\u00f3n y que as\u00ed figura en sus estatutos, es la de\u00a0\u00a0Facilitar a todos los asociados la participaci\u00f3n en todas las actividades que colectivamente [&hellip;]","og_url":"https:\/\/www.lugomadera.com\/index.php\/portal-de-empleo\/","og_site_name":"Lugo Madera","article_modified_time":"2026-02-12T12:20:27+00:00","twitter_card":"summary_large_image","twitter_misc":{"Tiempo de lectura":"2 minutos"},"schema":{"@context":"https:\/\/schema.org","@graph":[{"@type":"WebPage","@id":"https:\/\/www.lugomadera.com\/index.php\/portal-de-empleo\/","url":"https:\/\/www.lugomadera.com\/index.php\/portal-de-empleo\/","name":"Portal de empleo - Lugo Madera","isPartOf":{"@id":"https:\/\/www.lugomadera.com\/#website"},"datePublished":"2024-02-07T20:58:19+00:00","dateModified":"2026-02-12T12:20:27+00:00","breadcrumb":{"@id":"https:\/\/www.lugomadera.com\/index.php\/portal-de-empleo\/#breadcrumb"},"inLanguage":"es","potentialAction":[{"@type":"ReadAction","target":["https:\/\/www.lugomadera.com\/index.php\/portal-de-empleo\/"]}]},{"@type":"BreadcrumbList","@id":"https:\/\/www.lugomadera.com\/index.php\/portal-de-empleo\/#breadcrumb","itemListElement":[{"@type":"ListItem","position":1,"name":"Portada","item":"https:\/\/www.lugomadera.com\/"},{"@type":"ListItem","position":2,"name":"Portal de empleo"}]},{"@type":"WebSite","@id":"https:\/\/www.lugomadera.com\/#website","url":"https:\/\/www.lugomadera.com\/","name":"Lugo Madera","description":"Asociaci\u00f3n Provincial de Empresarios de la 1\u00aa Transformaci\u00f3n de la Madera de Lugo","publisher":{"@id":"https:\/\/www.lugomadera.com\/#organization"},"potentialAction":[{"@type":"SearchAction","target":{"@type":"EntryPoint","urlTemplate":"https:\/\/www.lugomadera.com\/?s={search_term_string}"},"query-input":{"@type":"PropertyValueSpecification","valueRequired":true,"valueName":"search_term_string"}}],"inLanguage":"es"},{"@type":"Organization","@id":"https:\/\/www.lugomadera.com\/#organization","name":"Lugo Madera","url":"https:\/\/www.lugomadera.com\/","logo":{"@type":"ImageObject","inLanguage":"es","@id":"https:\/\/www.lugomadera.com\/#\/schema\/logo\/image\/","url":"https:\/\/www.lugomadera.com\/wp-content\/uploads\/2024\/02\/lugo-white-300-h-1.png","contentUrl":"https:\/\/www.lugomadera.com\/wp-content\/uploads\/2024\/02\/lugo-white-300-h-1.png","width":600,"height":262,"caption":"Lugo Madera"},"image":{"@id":"https:\/\/www.lugomadera.com\/#\/schema\/logo\/image\/"}}]}},"jetpack_sharing_enabled":true,"_links":{"self":[{"href":"https:\/\/www.lugomadera.com\/index.php\/wp-json\/wp\/v2\/pages\/8218","targetHints":{"allow":["GET"]}}],"collection":[{"href":"https:\/\/www.lugomadera.com\/index.php\/wp-json\/wp\/v2\/pages"}],"about":[{"href":"https:\/\/www.lugomadera.com\/index.php\/wp-json\/wp\/v2\/types\/page"}],"author":[{"embeddable":true,"href":"https:\/\/www.lugomadera.com\/index.php\/wp-json\/wp\/v2\/users\/1"}],"replies":[{"embeddable":true,"href":"https:\/\/www.lugomadera.com\/index.php\/wp-json\/wp\/v2\/comments?post=8218"}],"version-history":[{"count":76,"href":"https:\/\/www.lugomadera.com\/index.php\/wp-json\/wp\/v2\/pages\/8218\/revisions"}],"predecessor-version":[{"id":10869,"href":"https:\/\/www.lugomadera.com\/index.php\/wp-json\/wp\/v2\/pages\/8218\/revisions\/10869"}],"wp:attachment":[{"href":"https:\/\/www.lugomadera.com\/index.php\/wp-json\/wp\/v2\/media?parent=8218"}],"curies":[{"name":"wp","href":"https:\/\/api.w.org\/{rel}","templated":true}]}}